{"id":935,"date":"2020-02-29T19:19:47","date_gmt":"2020-02-29T18:19:47","guid":{"rendered":"https:\/\/nfs-sigmaringen.de\/?page_id=935"},"modified":"2024-12-03T21:03:25","modified_gmt":"2024-12-03T20:03:25","slug":"neu-in-der-notfallseelsorge-beginnen","status":"publish","type":"page","link":"https:\/\/nfs-sigmaringen.de\/?page_id=935","title":{"rendered":"Sie wollen sich in der Notfallseelsorge engagieren?"},"content":{"rendered":"\n<p>Wir suchen  immer Menschen, die bereit sind, <br><strong>Erste Hilfe f\u00fcr die Seele<\/strong> zu leisten. <\/p>\n\n\n\n<p>Wir m\u00f6chten unser Team der Psychosozialen Notfallversorgung vergr\u00f6\u00dfern und suchen daher professionelle Kr\u00e4fte, die sich mit uns gemeinsam ehrenamtlich engagieren m\u00f6chten.<\/p>\n\n\n\n<p>Durch die Ausbildung f\u00fcr und die Mitarbeit in der Psychosozialen Notfallversorgung (PSNV)  k\u00f6nnen Sie Ihre eigenen Kompetenzen und F\u00e4higkeiten erweitern, bezogen auf:<\/p>\n\n\n\n<ul class=\"wp-block-list\">\n<li>Begleitung von Menschen in akuten Krisensituationen<\/li>\n\n\n\n<li>Umgang mit Sterben und Tod<\/li>\n\n\n\n<li>Umgang mit akuten Belastungsst\u00f6rungen<\/li>\n<\/ul>\n\n\n\n<p><strong>Sie erhalten dazu:<\/strong><\/p>\n\n\n\n<ul class=\"wp-block-list\">\n<li>Ausbildung und Fortbildung sowohl regional und landesweit<\/li>\n\n\n\n<li>Einarbeitung und Anleitung im Rahmen von Praktika<\/li>\n\n\n\n<li>regelm\u00e4\u00dfige Supervision<\/li>\n\n\n\n<li>Einbindung in ein engagiertes und motiviertes Team<\/li>\n\n\n\n<li>Absicherung durch Einbindung in die Feuerwehr<\/li>\n<\/ul>\n\n\n\n<p><strong>Was Sie mitbringen sollten:<\/strong><\/p>\n\n\n\n<ul class=\"wp-block-list\">\n<li>Ausbildung oder Studium im sozialen, p\u00e4dagogischen, pflegerischen, medizinischen, psychologischen oder seelsorgerlischen Bereich<\/li>\n\n\n\n<li>mindestens 3 Jahre Berufserfahrung<\/li>\n\n\n\n<li>stabile psychische und physische Lebenssituation<\/li>\n\n\n\n<li>F\u00fchrerschein und eigenes Fahrzeug<\/li>\n\n\n\n<li>Engagement, Flexibilit\u00e4t und Teamf\u00e4higkeit<\/li>\n\n\n\n<li>Bereitschaft regelm\u00e4\u00dfig Dienst als NotfallseelsorgerIn f\u00fcr den Landkreis zu \u00fcbernehmen<\/li>\n\n\n\n<li>Wohnort im Landkreis Sigmaringen<\/li>\n\n\n\n<li>Einstiegsalter in die Ausbildung: 25 &#8211; 55 Jahre<\/li>\n<\/ul>\n\n\n\n<p><a href=\"https:\/\/nfs-sigmaringen.de\/?page_id=1017\" data-type=\"URL\" data-id=\"https:\/\/nfs-sigmaringen.de\/?page_id=1017\" target=\"_blank\" rel=\"noreferrer noopener\">zum Ausbildungskonzept in Psychosozialer Notfallversorgung der NFS-Sigmaringen<\/a><\/p>\n\n\n\n<p><strong>Sie haben Interesse?<\/strong> <br>Dann vereinbaren Sie ein unverbindliches Informationsgespr\u00e4ch mit einer der beiden Kontaktpersonen f\u00fcr neue Bewerber\/innen:<br><br>Winfried Fritz;           <a href=\"mailto:winfried.fritz@nfs-sigmaringen.de\">winfried.fritz(at)nfs-sigmaringen.de<\/a><br>PRef. Johannes Schramm;    <a href=\"mailto:johannes.schramm@nfs-sigmaringen.de\">johannes.schramm(at)nfs-sigmaringen.de<\/a><\/p>\n\n\n\n<figure class=\"wp-block-image size-large is-resized\"><img decoding=\"async\" width=\"688\" height=\"1024\" src=\"https:\/\/nfs-sigmaringen.de\/wp-content\/uploads\/2020\/02\/IMG_5351-688x1024.jpg\" alt=\"\" class=\"wp-image-956\" style=\"width:344px;height:512px\" srcset=\"https:\/\/nfs-sigmaringen.de\/wp-content\/uploads\/2020\/02\/IMG_5351-688x1024.jpg 688w, https:\/\/nfs-sigmaringen.de\/wp-content\/uploads\/2020\/02\/IMG_5351-201x300.jpg 201w, https:\/\/nfs-sigmaringen.de\/wp-content\/uploads\/2020\/02\/IMG_5351-768x1144.jpg 768w, https:\/\/nfs-sigmaringen.de\/wp-content\/uploads\/2020\/02\/IMG_5351-1032x1536.jpg 1032w, https:\/\/nfs-sigmaringen.de\/wp-content\/uploads\/2020\/02\/IMG_5351-1375x2048.jpg 1375w, https:\/\/nfs-sigmaringen.de\/wp-content\/uploads\/2020\/02\/IMG_5351-scaled.jpg 1719w\" sizes=\"(max-width: 688px) 100vw, 688px\" \/><figcaption class=\"wp-element-caption\">Psychosoziale Notfallversorgung geht nur in einem verl\u00e4sslichen Team<\/figcaption><\/figure>\n\n\n\n<figure class=\"wp-block-image size-large\"><img decoding=\"async\" width=\"768\" height=\"1024\" src=\"https:\/\/nfs-sigmaringen.de\/wp-content\/uploads\/2024\/12\/IMG_9872-1-768x1024.jpeg\" alt=\"\" class=\"wp-image-3916\" srcset=\"https:\/\/nfs-sigmaringen.de\/wp-content\/uploads\/2024\/12\/IMG_9872-1-768x1024.jpeg 768w, https:\/\/nfs-sigmaringen.de\/wp-content\/uploads\/2024\/12\/IMG_9872-1-225x300.jpeg 225w, https:\/\/nfs-sigmaringen.de\/wp-content\/uploads\/2024\/12\/IMG_9872-1-1152x1536.jpeg 1152w, https:\/\/nfs-sigmaringen.de\/wp-content\/uploads\/2024\/12\/IMG_9872-1-1536x2048.jpeg 1536w, https:\/\/nfs-sigmaringen.de\/wp-content\/uploads\/2024\/12\/IMG_9872-1-scaled.jpeg 1920w\" sizes=\"(max-width: 767px) 89vw, (max-width: 1000px) 54vw, (max-width: 1071px) 543px, 580px\" \/><figcaption class=\"wp-element-caption\">Ein Teil unseres derzeitigen Teams der PSNV-B Fachkr\u00e4fte im Landkreis Sigmaringen. (2024)<\/figcaption><\/figure>\n\n\n\n<div data-wp-interactive=\"core\/file\" class=\"wp-block-file\"><object data-wp-bind--hidden=\"!state.hasPdfPreview\" hidden class=\"wp-block-file__embed\" data=\"https:\/\/nfs-sigmaringen.de\/wp-content\/uploads\/2024\/12\/NFS_Flyer-NeueMitarbeiter_innen_2024.pdf\" type=\"application\/pdf\" style=\"width:100%;height:600px\" aria-label=\"Einbettung von NFS_Flyer-NeueMitarbeiter_innen_2024.\"><\/object><a id=\"wp-block-file--media-6a8a4464-02b1-4a12-9c76-72d2d478afc9\" href=\"https:\/\/nfs-sigmaringen.de\/wp-content\/uploads\/2024\/12\/NFS_Flyer-NeueMitarbeiter_innen_2024.pdf\">NFS_Flyer-NeueMitarbeiter_innen_2024<\/a><a href=\"https:\/\/nfs-sigmaringen.de\/wp-content\/uploads\/2024\/12\/NFS_Flyer-NeueMitarbeiter_innen_2024.pdf\" class=\"wp-block-file__button wp-element-button\" download aria-describedby=\"wp-block-file--media-6a8a4464-02b1-4a12-9c76-72d2d478afc9\">Herunterladen<\/a><\/div>\n<div style=\"display:flex; gap:10px;justify-content:center\" class=\"wps-pgfw-pdf-generate-icon__wrapper-frontend\">\n\t\t<a  href=\"https:\/\/nfs-sigmaringen.de?action=genpdf&amp;id=935\" class=\"pgfw-single-pdf-download-button\" ><img src=\"https:\/\/nfs-sigmaringen.de\/wp-content\/plugins\/pdf-generator-for-wp\/admin\/src\/images\/PDF_Tray.svg\" title=\"Generate PDF\" style=\"width:auto; height:45px;\"><\/a>\n\t\t<\/div>","protected":false},"excerpt":{"rendered":"<p>Wir suchen immer Menschen, die bereit sind, Erste Hilfe f\u00fcr die Seele zu leisten. Wir m\u00f6chten unser Team der Psychosozialen Notfallversorgung vergr\u00f6\u00dfern und suchen daher professionelle Kr\u00e4fte, die sich mit uns gemeinsam ehrenamtlich engagieren m\u00f6chten. Durch die Ausbildung f\u00fcr und die Mitarbeit in der Psychosozialen Notfallversorgung (PSNV) k\u00f6nnen Sie Ihre eigenen Kompetenzen und F\u00e4higkeiten erweitern, &hellip; <\/p>\n<p class=\"link-more\"><a href=\"https:\/\/nfs-sigmaringen.de\/?page_id=935\" class=\"more-link\"><span class=\"screen-reader-text\">\u201eSie wollen sich in der Notfallseelsorge engagieren?\u201c <\/span>weiterlesen<\/a><\/p>\n","protected":false},"author":1,"featured_media":2219,"parent":20,"menu_order":3,"comment_status":"closed","ping_status":"closed","template":"","meta":{"ngg_post_thumbnail":0,"footnotes":""},"class_list":["post-935","page","type-page","status-publish","has-post-thumbnail","hentry"],"_links":{"self":[{"href":"https:\/\/nfs-sigmaringen.de\/index.php?rest_route=\/wp\/v2\/pages\/935","targetHints":{"allow":["GET"]}}],"collection":[{"href":"https:\/\/nfs-sigmaringen.de\/index.php?rest_route=\/wp\/v2\/pages"}],"about":[{"href":"https:\/\/nfs-sigmaringen.de\/index.php?rest_route=\/wp\/v2\/types\/page"}],"author":[{"embeddable":true,"href":"https:\/\/nfs-sigmaringen.de\/index.php?rest_route=\/wp\/v2\/users\/1"}],"replies":[{"embeddable":true,"href":"https:\/\/nfs-sigmaringen.de\/index.php?rest_route=%2Fwp%2Fv2%2Fcomments&post=935"}],"version-history":[{"count":23,"href":"https:\/\/nfs-sigmaringen.de\/index.php?rest_route=\/wp\/v2\/pages\/935\/revisions"}],"predecessor-version":[{"id":3938,"href":"https:\/\/nfs-sigmaringen.de\/index.php?rest_route=\/wp\/v2\/pages\/935\/revisions\/3938"}],"up":[{"embeddable":true,"href":"https:\/\/nfs-sigmaringen.de\/index.php?rest_route=\/wp\/v2\/pages\/20"}],"wp:featuredmedia":[{"embeddable":true,"href":"https:\/\/nfs-sigmaringen.de\/index.php?rest_route=\/wp\/v2\/media\/2219"}],"wp:attachment":[{"href":"https:\/\/nfs-sigmaringen.de\/index.php?rest_route=%2Fwp%2Fv2%2Fmedia&parent=935"}],"curies":[{"name":"wp","href":"https:\/\/api.w.org\/{rel}","templated":true}]}}