{"id":73,"date":"2019-03-06T00:38:39","date_gmt":"2019-03-05T23:38:39","guid":{"rendered":"http:\/\/psnv-sigmaringen.de\/?page_id=73"},"modified":"2025-12-21T10:42:55","modified_gmt":"2025-12-21T09:42:55","slug":"startseite","status":"publish","type":"page","link":"https:\/\/nfs-sigmaringen.de\/?page_id=73","title":{"rendered":"AG Notfallseelsorge"},"content":{"rendered":"\n<figure class=\"wp-block-image is-resized\"><img decoding=\"async\" width=\"1024\" height=\"411\" src=\"https:\/\/psnv-sigmaringen.de\/wp-content\/uploads\/2019\/03\/Slogan-transp-1024x411.png\" alt=\"\" class=\"wp-image-191\" style=\"width:512px;height:206px\" srcset=\"https:\/\/nfs-sigmaringen.de\/wp-content\/uploads\/2019\/03\/Slogan-transp-1024x411.png 1024w, https:\/\/nfs-sigmaringen.de\/wp-content\/uploads\/2019\/03\/Slogan-transp-300x120.png 300w, https:\/\/nfs-sigmaringen.de\/wp-content\/uploads\/2019\/03\/Slogan-transp-768x308.png 768w\" sizes=\"(max-width: 767px) 89vw, (max-width: 1000px) 54vw, (max-width: 1071px) 543px, 580px\" \/><\/figure>\n\n\n\n<h2 class=\"wp-block-heading\">Die Arbeitsgemeinschaft Notfallseelsorge im Landkreis Sigmaringen ist eine Intitative<\/h2>\n\n\n\n<div class=\"wp-block-columns is-layout-flex wp-container-core-columns-is-layout-9d6595d7 wp-block-columns-is-layout-flex\">\n<div class=\"wp-block-column is-layout-flow wp-block-column-is-layout-flow\" style=\"flex-basis:100%\">\n<ul class=\"wp-block-list\">\n<li>der Kirchen<\/li>\n\n\n\n<li>der Feuerwehr<\/li>\n\n\n\n<li>des Deutschen Roten Kreuzes<\/li>\n\n\n\n<li>des Malteser Hilfsdienstes<\/li>\n\n\n\n<li>der Polizei<\/li>\n\n\n\n<li>der Not\u00e4rzte und <\/li>\n\n\n\n<li>des Landkreises,<\/li>\n<\/ul>\n<\/div>\n<\/div>\n\n\n\n<p>die  die Psychosoziale Notfallversorgung seit 2001 an 365 Tagen im Jahr jeweils sicherstellt. Jeweils zwei diensthabende NotfallseelsorgerInnen sind rund um die Uhr durch Rettungsdienst, Feuerwehr oder Polizei \u00fcber die Leitstelle alarmierbar.<\/p>\n\n\n\n<h2 class=\"wp-block-heading\">Aufgaben und Ziele<\/h2>\n\n\n<div class=\"wp-block-image\">\n<figure class=\"alignleft size-large\"><img decoding=\"async\" width=\"1024\" height=\"694\" src=\"https:\/\/nfs-sigmaringen.de\/wp-content\/uploads\/2024\/06\/psnv-kindereinsaetze-01-1024x694.jpg\" alt=\"\" class=\"wp-image-3463\" srcset=\"https:\/\/nfs-sigmaringen.de\/wp-content\/uploads\/2024\/06\/psnv-kindereinsaetze-01-1024x694.jpg 1024w, https:\/\/nfs-sigmaringen.de\/wp-content\/uploads\/2024\/06\/psnv-kindereinsaetze-01-300x203.jpg 300w, https:\/\/nfs-sigmaringen.de\/wp-content\/uploads\/2024\/06\/psnv-kindereinsaetze-01-768x520.jpg 768w, https:\/\/nfs-sigmaringen.de\/wp-content\/uploads\/2024\/06\/psnv-kindereinsaetze-01-1536x1040.jpg 1536w, https:\/\/nfs-sigmaringen.de\/wp-content\/uploads\/2024\/06\/psnv-kindereinsaetze-01-2048x1387.jpg 2048w\" sizes=\"(max-width: 767px) 89vw, (max-width: 1000px) 54vw, (max-width: 1071px) 543px, 580px\" \/><\/figure>\n<\/div>\n\n\n<p>Schulung, Begleitung und Beratung von Einsatzkr\u00e4ften<\/p>\n\n\n\n<p>Betreuung und Begleitung von Opfern, Beteiligten und Angeh\u00f6rigen<\/p>\n\n\n\n<p>Hilfen f\u00fcr Einsatzkr\u00e4fte zur Bew\u00e4ltigung emotional belastender Eins\u00e4tze<\/p>\n\n\n\n<h2 class=\"wp-block-heading\">Aufbau der Organisation<\/h2>\n\n\n\n<p>Die Notfallseelsorge im Landkreis Sigmaringen besteht aus 3 Sektionen mit unterschiedlichen Aufgaben.<\/p>\n\n\n\n<figure class=\"wp-block-image is-resized is-style-default\"><img decoding=\"async\" width=\"1012\" height=\"754\" src=\"https:\/\/psnv-sigmaringen.de\/wp-content\/uploads\/2019\/03\/struktur.gif\" alt=\"\" class=\"wp-image-194\" style=\"width:678px;height:505px\"\/><figcaption class=\"wp-element-caption\">Aufbau der AG-Notfallseelsorge im Landkreis Sigmaringen<\/figcaption><\/figure>\n\n\n\n<p>In der Sektion Notfallseelsorge sind bei der Betreuung von Opfern, Beteiligten und Angeh\u00f6rigen ca. 25 NotfallseelsorgerInnen t\u00e4tig. Diese sind alle beruflich im seelsorgerischen oder psychosozialen Bereich t\u00e4tig, verf\u00fcgen \u00fcber entsprechende Qualifikationen und \u00fcben diesen Dienst jedoch zus\u00e4tzlich und ehrenamtlich aus.<\/p>\n\n\n\n<p>In der Sektion Einsatzkr\u00e4fteschulung (Schulung von Einsatzkr\u00e4ften) und der Sektion SbE-Team (Begleitung und Nachbetreuung von Einsatzkr\u00e4ften) sind neben einigen NotfallseelsorgerInnen auch speziell geschulte Einsatzkr\u00e4fte der Rettungsorganisationen t\u00e4tig, welche diesen Dienst ebenfalls zus\u00e4tzlich und ehrenamtlich aus\u00fcben. (<strong>SbE<\/strong>&nbsp;= Stressbearbeitung nach belastenden Ereignissen)<\/p>\n\n\n\n<h2 class=\"wp-block-heading\">Zusammenarbeit mit den anderen Diensten<\/h2>\n\n\n\n<figure class=\"wp-block-image is-resized\"><img decoding=\"async\" width=\"600\" height=\"449\" src=\"https:\/\/psnv-sigmaringen.de\/wp-content\/uploads\/2019\/03\/bos-einheiten.jpg\" alt=\"\" class=\"wp-image-271\" style=\"width:672px;height:503px\" srcset=\"https:\/\/nfs-sigmaringen.de\/wp-content\/uploads\/2019\/03\/bos-einheiten.jpg 600w, https:\/\/nfs-sigmaringen.de\/wp-content\/uploads\/2019\/03\/bos-einheiten-300x225.jpg 300w\" sizes=\"(max-width: 600px) 100vw, 600px\" \/><\/figure>\n\n\n\n<p>Im Alltag steht die Notfallseelsorge Sigmaringen den Beh\u00f6rden und Organisationen mit Sicherheitsaufgaben (BOS) als verl\u00e4sslicher Partner zur Verf\u00fcgung. Wir unterst\u00fctzen die Beh\u00f6rden und Organisationen in der Psychosozialen Notfallversorgung f\u00fcr Betroffene (PSNV-B) oder f\u00fcr Einsatzkr\u00e4fte (PSNV-E) in dem wir eine 24 Stunden-Bereitschaftsdienst sicherstellen. <\/p>\n\n\n\n<p><\/p>\n<div style=\"display:flex; gap:10px;justify-content:center\" class=\"wps-pgfw-pdf-generate-icon__wrapper-frontend\">\n\t\t<a  href=\"https:\/\/nfs-sigmaringen.de?action=genpdf&amp;id=73\" class=\"pgfw-single-pdf-download-button\" ><img src=\"https:\/\/nfs-sigmaringen.de\/wp-content\/plugins\/pdf-generator-for-wp\/admin\/src\/images\/PDF_Tray.svg\" title=\"Generate PDF\" style=\"width:auto; height:45px;\"><\/a>\n\t\t<\/div>","protected":false},"excerpt":{"rendered":"<p>Die Arbeitsgemeinschaft Notfallseelsorge im Landkreis Sigmaringen ist eine Intitative die die Psychosoziale Notfallversorgung seit 2001 an 365 Tagen im Jahr jeweils sicherstellt. Jeweils zwei diensthabende NotfallseelsorgerInnen sind rund um die Uhr durch Rettungsdienst, Feuerwehr oder Polizei \u00fcber die Leitstelle alarmierbar. Aufgaben und Ziele Schulung, Begleitung und Beratung von Einsatzkr\u00e4ften Betreuung und Begleitung von Opfern, Beteiligten &hellip; <\/p>\n<p class=\"link-more\"><a href=\"https:\/\/nfs-sigmaringen.de\/?page_id=73\" class=\"more-link\"><span class=\"screen-reader-text\">\u201eAG Notfallseelsorge\u201c <\/span>weiterlesen<\/a><\/p>\n","protected":false},"author":1,"featured_media":16,"parent":0,"menu_order":0,"comment_status":"closed","ping_status":"closed","template":"","meta":{"ngg_post_thumbnail":0,"footnotes":""},"class_list":["post-73","page","type-page","status-publish","has-post-thumbnail","hentry"],"_links":{"self":[{"href":"https:\/\/nfs-sigmaringen.de\/index.php?rest_route=\/wp\/v2\/pages\/73","targetHints":{"allow":["GET"]}}],"collection":[{"href":"https:\/\/nfs-sigmaringen.de\/index.php?rest_route=\/wp\/v2\/pages"}],"about":[{"href":"https:\/\/nfs-sigmaringen.de\/index.php?rest_route=\/wp\/v2\/types\/page"}],"author":[{"embeddable":true,"href":"https:\/\/nfs-sigmaringen.de\/index.php?rest_route=\/wp\/v2\/users\/1"}],"replies":[{"embeddable":true,"href":"https:\/\/nfs-sigmaringen.de\/index.php?rest_route=%2Fwp%2Fv2%2Fcomments&post=73"}],"version-history":[{"count":25,"href":"https:\/\/nfs-sigmaringen.de\/index.php?rest_route=\/wp\/v2\/pages\/73\/revisions"}],"predecessor-version":[{"id":3852,"href":"https:\/\/nfs-sigmaringen.de\/index.php?rest_route=\/wp\/v2\/pages\/73\/revisions\/3852"}],"wp:featuredmedia":[{"embeddable":true,"href":"https:\/\/nfs-sigmaringen.de\/index.php?rest_route=\/wp\/v2\/media\/16"}],"wp:attachment":[{"href":"https:\/\/nfs-sigmaringen.de\/index.php?rest_route=%2Fwp%2Fv2%2Fmedia&parent=73"}],"curies":[{"name":"wp","href":"https:\/\/api.w.org\/{rel}","templated":true}]}}