{"id":558,"date":"2019-03-09T23:49:41","date_gmt":"2019-03-09T22:49:41","guid":{"rendered":"http:\/\/nfs-sigmaringen.de\/?page_id=558"},"modified":"2025-03-28T08:09:49","modified_gmt":"2025-03-28T07:09:49","slug":"unterstuetzung-fuer-klinikpersonal","status":"publish","type":"page","link":"https:\/\/nfs-sigmaringen.de\/?page_id=558","title":{"rendered":"Unterst\u00fctzung f\u00fcr Klinikpersonal"},"content":{"rendered":"\n<h2 class=\"wp-block-heading\">Kein Ereignis wie jedes andere<\/h2>\n\n\n\n<figure class=\"wp-block-image size-large\"><img decoding=\"async\" width=\"1024\" height=\"414\" src=\"https:\/\/nfs-sigmaringen.de\/wp-content\/uploads\/2021\/05\/notaufnahme-scaled-e1621283703850-1024x414.jpg\" alt=\"notaufnahme\" class=\"wp-image-1315\" srcset=\"https:\/\/nfs-sigmaringen.de\/wp-content\/uploads\/2021\/05\/notaufnahme-scaled-e1621283703850-1024x414.jpg 1024w, https:\/\/nfs-sigmaringen.de\/wp-content\/uploads\/2021\/05\/notaufnahme-scaled-e1621283703850-300x121.jpg 300w, https:\/\/nfs-sigmaringen.de\/wp-content\/uploads\/2021\/05\/notaufnahme-scaled-e1621283703850-768x311.jpg 768w, https:\/\/nfs-sigmaringen.de\/wp-content\/uploads\/2021\/05\/notaufnahme-scaled-e1621283703850-1536x622.jpg 1536w, https:\/\/nfs-sigmaringen.de\/wp-content\/uploads\/2021\/05\/notaufnahme-scaled-e1621283703850-2048x829.jpg 2048w\" sizes=\"(max-width: 767px) 89vw, (max-width: 1000px) 54vw, (max-width: 1071px) 543px, 580px\" \/><\/figure>\n\n\n\n<p>Als Mitarbeiterin und Mitarbeiter in der Klinik sind Sie immer wieder Zeuge von menschlichem Leid und Tod. Nicht selten tragen Sie w\u00e4hrend Ihrer Arbeit gro\u00dfe Verantwortung f\u00fcr das Leben und die Gesundheit Anderer.  F\u00fcr die meisten Menschen stellt Ihre berufliche Alltagserfahrung eine Ausnahme dar &#8211; manchmal von unvorstellbarem Ausma\u00df.<br \/>Im Laufe Ihres Berufslebens haben Sie gelernt, mit vielen belastenden Erfahrungen aus Ereignissen umzugehen. Gelegentlich k\u00f6nnen aber h\u00e4ufige oder schwere Erlebnisse dennoch an die Grenzen der eigenen psychischen Belastbarkeit f\u00fchren:<br \/><\/p>\n\n\n\n<ul class=\"wp-block-list\">\n<li>Ereignisse, die die bisherigen Vorstellungen bzw. Berufserfahrung \u00fcbersteigen<\/li>\n<\/ul>\n\n\n\n<ul class=\"wp-block-list\">\n<li>Ereignisse, in denen man sich hilflos erlebt hat<\/li>\n<\/ul>\n\n\n\n<ul class=\"wp-block-list\">\n<li>Ereignisse mit verletzten oder toten Kindern<\/li>\n<\/ul>\n\n\n\n<ul class=\"wp-block-list\">\n<li>pers\u00f6nliche Bekanntschaft mit Patienten<\/li>\n<\/ul>\n\n\n\n<ul class=\"wp-block-list\">\n<li>Ereignisse mit vielen Toten gleichzeitig<\/li>\n<\/ul>\n\n\n\n<ul class=\"wp-block-list\">\n<li>Schwere Verletzung oder Tod von Kollegen<\/li>\n<\/ul>\n\n\n\n<ul class=\"wp-block-list\">\n<li>individuell als besonders belastend erlebte Eins\u00e4tze <\/li>\n<\/ul>\n\n\n\n<p><strong>Akute Belastungsreaktionen sind normale und automatische Reaktionen eines normalen Menschen auf unnormale Ereignisse.<\/strong> Sie sind kein Ausdruck von pers\u00f6nlicher Schw\u00e4che!<\/p>\n\n\n\n<figure class=\"wp-block-image size-large is-resized\"><img decoding=\"async\" width=\"878\" height=\"1024\" src=\"https:\/\/nfs-sigmaringen.de\/wp-content\/uploads\/2021\/05\/schwester-878x1024.jpg\" alt=\"\" class=\"wp-image-1317\" srcset=\"https:\/\/nfs-sigmaringen.de\/wp-content\/uploads\/2021\/05\/schwester-878x1024.jpg 878w, https:\/\/nfs-sigmaringen.de\/wp-content\/uploads\/2021\/05\/schwester-257x300.jpg 257w, https:\/\/nfs-sigmaringen.de\/wp-content\/uploads\/2021\/05\/schwester-768x895.jpg 768w, https:\/\/nfs-sigmaringen.de\/wp-content\/uploads\/2021\/05\/schwester-1318x1536.jpg 1318w, https:\/\/nfs-sigmaringen.de\/wp-content\/uploads\/2021\/05\/schwester-1757x2048.jpg 1757w\" sizes=\"(max-width: 767px) 89vw, (max-width: 1000px) 54vw, (max-width: 1071px) 543px, 580px\" \/><figcaption class=\"wp-element-caption\">&#8222;Das war eine besondere Schicht!&#8220;<\/figcaption><\/figure>\n\n\n\n<h2 class=\"wp-block-heading\">Hilfreiche Strategien nach dem Ereignis<\/h2>\n\n\n\n<p>W\u00e4hrend der Hektik des Ereignisses haben Sie viele Eindr\u00fccke aufgenommen, die es zun\u00e4chst zu ordnen gilt. Unser Gehirn reagiert automatisch auf solche extremen Stresssituationen. Das ist menschlich und erkl\u00e4rt viele Ihrer Reaktionen. F\u00fcr gew\u00f6hnlich nehmen Belastungsreaktionen nach einer Phase der Erholung von selbst wieder ab.<br \/>Diesen Prozess der Erholung k\u00f6nnen Sie unterst\u00fctzen, wenn Sie sich selbst Schutz, Ruhe und Entlastung g\u00f6nnen. Folgende Tipps k\u00f6nnen die Erholung beschleunigen:<\/p>\n\n\n\n<ul class=\"wp-block-list\">\n<li>Sprechen Sie so bald wie m\u00f6glich mit (am Ereignis beteiligten) Kollegen und Kolleginnen \u00fcber Ihre Eindr\u00fccke, Gef\u00fchle und Gedanken w\u00e4hrend des Einsatzes. Diese Menschen k\u00f6nnen Sie am besten verstehen.<\/li>\n\n\n\n<li>Suchen Sie das Gespr\u00e4ch mit Menschen, die Ih-nen R\u00fcckhalt und Sicherheit geben (Familie, Partner\/in, Freunde).<\/li>\n\n\n\n<li>Seien Sie k\u00f6rperlich aktiv, treiben Sie Sport. Bewegung hilft, aufgestaute Energie zu entladen.<\/li>\n\n\n\n<li>Vermeiden Sie erh\u00f6hten Konsum von Alkohol und Zigaretten.<\/li>\n\n\n\n<li>Versuchen Sie, Ihren gewohnten Lebensrhythmus beizubehalten und Ihren normalenVerpflichtungen nachzukommen. Aber vermeiden Sie jede zus\u00e4tzliche Stresssituation. <\/li>\n<\/ul>\n\n\n\n<h2 class=\"wp-block-heading\">Wie kann ich mir Hilfe holen?<\/h2>\n\n\n\n<p>Bleiben Sie nicht allein mit ihrer Erfahrung. Vielleicht erscheint Ihnen ihr Erleben des Ereignisses  bruchst\u00fcckhaft und unertr\u00e4glich wie ein schlechter Traum. Im vertrauensvollen Gespr\u00e4ch mit Anderen l\u00e4sst sich das Erlebte wieder zu einem Ganzen zusammenf\u00fcgen. Erfahrungen werden so verst\u00e4ndlich und kontrollierbar. Geschulte Mitarbeiter <strong>Sb<em>E<\/em>-Teams Sigmaringen<\/strong> stehen Ihnen zum Einzel- und\/oder Gruppengespr\u00e4ch zur Verf\u00fcgung. <br \/>Diese erreichen Sie entweder \u00fcber Ihre Pflegedienstleitung oder Ihre Vorgesetzten, der dann auch daf\u00fcr sorgen kann, dass Sie und Ihre KollegInnen am Gespr\u00e4ch teilnehmen k\u00f6nnen. In der Vergangenheit hat sich gezeigt, dass eine rasche Intervention f\u00fcr die Beteiligten schnell zu einer Beruhigung f\u00fchrt. <\/p>\n\n\n\n<p>Sie erreichen das <strong>Sb<em>E<\/em>-Team Sigmaringen<\/strong> aber auch direkt \u00fcber die Integrierte Rettungsleitstelle Bodensee Oberschwaben<strong> oder<\/strong><\/p>\n\n\n\n<p>Sie wenden sich gleich vertrauensvoll an uns: <br><br><strong>Fachliche Leitung:<\/strong> &nbsp;&nbsp;&nbsp;&nbsp; <br><strong>Bernd Weinmann<\/strong> <br>Diplom-P\u00e4dagoge<br>Fachberater f\u00fcr Psychotraumatologie (DIPT)<br>Ehe-, Familien- und Lebensberater (BAG)<br>bernd.weinmann(at)nfs-sigmaringen.de <br><strong>+49 (0) 156 78709045<\/strong><\/p>\n\n\n\n<p><br \/><strong>Stv. Fachliche Leitung:<\/strong><br \/><strong>Winfried Fritz<\/strong> <br \/>Diplom Sozialarbeiter<br \/>Krankenpfleger<br \/>Systemischer Familientherapeut <br \/>Fachberater f\u00fcr Psychotraumatologie (DIPT)<br \/>winfried.fritz(at)nfs-sigmaringen.de <br \/><strong>+49 (0) 173 9878823<\/strong><\/p>\n\n\n\n<p><strong>Krankenhausseelsorger<\/strong><br \/><strong>Edwin M\u00fcller<\/strong><br \/>edwin.mueller(at)nfs-sigmaringen.de <br \/><strong>+49 (0) 162 2825256<\/strong><\/p>\n\n\n\n<p><\/p>\n\n\n\n<figure class=\"wp-block-gallery has-nested-images columns-4 is-cropped wp-block-gallery-1 is-layout-flex wp-block-gallery-is-layout-flex\">\n<figure class=\"wp-block-image size-large\"><img decoding=\"async\" width=\"600\" height=\"754\" data-id=\"316\" src=\"https:\/\/nfs-sigmaringen.de\/wp-content\/uploads\/2019\/03\/weinmann-bernd-1.jpg\" alt=\"\" class=\"wp-image-316\" srcset=\"https:\/\/nfs-sigmaringen.de\/wp-content\/uploads\/2019\/03\/weinmann-bernd-1.jpg 600w, https:\/\/nfs-sigmaringen.de\/wp-content\/uploads\/2019\/03\/weinmann-bernd-1-239x300.jpg 239w\" sizes=\"(max-width: 600px) 100vw, 600px\" \/><figcaption class=\"wp-element-caption\">Bernd Weinmann<\/figcaption><\/figure>\n\n\n\n<figure class=\"wp-block-image size-large\"><img decoding=\"async\" width=\"739\" height=\"1024\" data-id=\"1548\" src=\"https:\/\/nfs-sigmaringen.de\/wp-content\/uploads\/2022\/02\/fritz-winfried-2021-739x1024.jpg\" alt=\"\" class=\"wp-image-1548\" srcset=\"https:\/\/nfs-sigmaringen.de\/wp-content\/uploads\/2022\/02\/fritz-winfried-2021-739x1024.jpg 739w, https:\/\/nfs-sigmaringen.de\/wp-content\/uploads\/2022\/02\/fritz-winfried-2021-217x300.jpg 217w, https:\/\/nfs-sigmaringen.de\/wp-content\/uploads\/2022\/02\/fritz-winfried-2021-768x1064.jpg 768w, https:\/\/nfs-sigmaringen.de\/wp-content\/uploads\/2022\/02\/fritz-winfried-2021-1109x1536.jpg 1109w, https:\/\/nfs-sigmaringen.de\/wp-content\/uploads\/2022\/02\/fritz-winfried-2021-1479x2048.jpg 1479w, https:\/\/nfs-sigmaringen.de\/wp-content\/uploads\/2022\/02\/fritz-winfried-2021.jpg 1535w\" sizes=\"(max-width: 739px) 100vw, 739px\" \/><figcaption class=\"wp-element-caption\">Winfried Fritz<\/figcaption><\/figure>\n\n\n\n<figure class=\"wp-block-image size-large\"><img decoding=\"async\" width=\"600\" height=\"768\" data-id=\"477\" src=\"https:\/\/nfs-sigmaringen.de\/wp-content\/uploads\/2019\/03\/mueller-edwin-1.jpg\" alt=\"\" class=\"wp-image-477\" srcset=\"https:\/\/nfs-sigmaringen.de\/wp-content\/uploads\/2019\/03\/mueller-edwin-1.jpg 600w, https:\/\/nfs-sigmaringen.de\/wp-content\/uploads\/2019\/03\/mueller-edwin-1-234x300.jpg 234w\" sizes=\"(max-width: 600px) 100vw, 600px\" \/><figcaption class=\"wp-element-caption\">Edwin M\u00fcller <\/figcaption><\/figure>\n\n\n\n<figure class=\"wp-block-image size-large\"><img decoding=\"async\" width=\"300\" height=\"450\" data-id=\"591\" src=\"https:\/\/nfs-sigmaringen.de\/wp-content\/uploads\/2019\/03\/dummy-2.jpg\" alt=\"\" class=\"wp-image-591\" srcset=\"https:\/\/nfs-sigmaringen.de\/wp-content\/uploads\/2019\/03\/dummy-2.jpg 300w, https:\/\/nfs-sigmaringen.de\/wp-content\/uploads\/2019\/03\/dummy-2-200x300.jpg 200w\" sizes=\"(max-width: 300px) 100vw, 300px\" \/><\/figure>\n<\/figure>\n\n\n\n<p><\/p>\n<div style=\"display:flex; gap:10px;justify-content:center\" class=\"wps-pgfw-pdf-generate-icon__wrapper-frontend\">\n\t\t<a  href=\"https:\/\/nfs-sigmaringen.de?action=genpdf&amp;id=558\" class=\"pgfw-single-pdf-download-button\" ><img src=\"https:\/\/nfs-sigmaringen.de\/wp-content\/plugins\/pdf-generator-for-wp\/admin\/src\/images\/PDF_Tray.svg\" title=\"Generate PDF\" style=\"width:auto; height:45px;\"><\/a>\n\t\t<\/div>","protected":false},"excerpt":{"rendered":"<p>Kein Ereignis wie jedes andere Als Mitarbeiterin und Mitarbeiter in der Klinik sind Sie immer wieder Zeuge von menschlichem Leid und Tod. Nicht selten tragen Sie w\u00e4hrend Ihrer Arbeit gro\u00dfe Verantwortung f\u00fcr das Leben und die Gesundheit Anderer. F\u00fcr die meisten Menschen stellt Ihre berufliche Alltagserfahrung eine Ausnahme dar &#8211; manchmal von unvorstellbarem Ausma\u00df.Im Laufe &hellip; <\/p>\n<p class=\"link-more\"><a href=\"https:\/\/nfs-sigmaringen.de\/?page_id=558\" class=\"more-link\"><span class=\"screen-reader-text\">\u201eUnterst\u00fctzung f\u00fcr Klinikpersonal\u201c <\/span>weiterlesen<\/a><\/p>\n","protected":false},"author":1,"featured_media":1315,"parent":0,"menu_order":0,"comment_status":"closed","ping_status":"closed","template":"","meta":{"ngg_post_thumbnail":0,"footnotes":""},"class_list":["post-558","page","type-page","status-publish","has-post-thumbnail","hentry"],"_links":{"self":[{"href":"https:\/\/nfs-sigmaringen.de\/index.php?rest_route=\/wp\/v2\/pages\/558","targetHints":{"allow":["GET"]}}],"collection":[{"href":"https:\/\/nfs-sigmaringen.de\/index.php?rest_route=\/wp\/v2\/pages"}],"about":[{"href":"https:\/\/nfs-sigmaringen.de\/index.php?rest_route=\/wp\/v2\/types\/page"}],"author":[{"embeddable":true,"href":"https:\/\/nfs-sigmaringen.de\/index.php?rest_route=\/wp\/v2\/users\/1"}],"replies":[{"embeddable":true,"href":"https:\/\/nfs-sigmaringen.de\/index.php?rest_route=%2Fwp%2Fv2%2Fcomments&post=558"}],"version-history":[{"count":22,"href":"https:\/\/nfs-sigmaringen.de\/index.php?rest_route=\/wp\/v2\/pages\/558\/revisions"}],"predecessor-version":[{"id":4240,"href":"https:\/\/nfs-sigmaringen.de\/index.php?rest_route=\/wp\/v2\/pages\/558\/revisions\/4240"}],"wp:featuredmedia":[{"embeddable":true,"href":"https:\/\/nfs-sigmaringen.de\/index.php?rest_route=\/wp\/v2\/media\/1315"}],"wp:attachment":[{"href":"https:\/\/nfs-sigmaringen.de\/index.php?rest_route=%2Fwp%2Fv2%2Fmedia&parent=558"}],"curies":[{"name":"wp","href":"https:\/\/api.w.org\/{rel}","templated":true}]}}