{"id":555,"date":"2019-03-09T23:47:42","date_gmt":"2019-03-09T22:47:42","guid":{"rendered":"http:\/\/nfs-sigmaringen.de\/?page_id=555"},"modified":"2025-04-05T17:23:05","modified_gmt":"2025-04-05T15:23:05","slug":"unterstuetzung-fuer-einsatzkraefte","status":"publish","type":"page","link":"https:\/\/nfs-sigmaringen.de\/?page_id=555","title":{"rendered":"Unterst\u00fctzung f\u00fcr Einsatzkr\u00e4fte"},"content":{"rendered":"\n<h2 class=\"wp-block-heading\">Belastungen im Einsatz <\/h2>\n\n\n\n<p>Als Mitarbeiter und Mitarbeiterin in Feuerwehr bzw. Rettungsdienst sind Sie regelm\u00e4\u00dfig Zeuge von menschlichem Leid und Tod. Nicht selten tragen Sie w\u00e4hrend Ihrer Arbeit gro\u00dfe Verantwortung f\u00fcr das Leben und die Gesundheit Anderer. F\u00fcr die meisten Menschen stellt Ihre berufliche Alltagserfahrung eine Ausnahme dar &#8211; manchmal von unvorstellbarem Ausma\u00df. Im Laufe ihres Berufslebens haben Sie gelernt, mit vielen belastenden Einsatzerfahrungen umzugehen.<br \/>H\u00e4ufige oder schwere Einsatzerlebnisse k\u00f6nnen dennoch an die Grenzen der eigenen psychischen Belastbarkeit f\u00fchren:<\/p>\n\n\n\n<figure class=\"wp-block-image size-large\"><img decoding=\"async\" width=\"768\" height=\"1024\" src=\"https:\/\/nfs-sigmaringen.de\/wp-content\/uploads\/2021\/12\/sbe-einsatz-768x1024.jpg\" alt=\"\" class=\"wp-image-1438\" srcset=\"https:\/\/nfs-sigmaringen.de\/wp-content\/uploads\/2021\/12\/sbe-einsatz-768x1024.jpg 768w, https:\/\/nfs-sigmaringen.de\/wp-content\/uploads\/2021\/12\/sbe-einsatz-225x300.jpg 225w, https:\/\/nfs-sigmaringen.de\/wp-content\/uploads\/2021\/12\/sbe-einsatz-1152x1536.jpg 1152w, https:\/\/nfs-sigmaringen.de\/wp-content\/uploads\/2021\/12\/sbe-einsatz-1536x2048.jpg 1536w, https:\/\/nfs-sigmaringen.de\/wp-content\/uploads\/2021\/12\/sbe-einsatz-scaled.jpg 1920w\" sizes=\"(max-width: 767px) 89vw, (max-width: 1000px) 54vw, (max-width: 1071px) 543px, 580px\" \/><\/figure>\n\n\n\n<ul class=\"wp-block-list\">\n<li>Schwere Verletzung oder Tod von Kollegen<\/li>\n\n\n\n<li>Eins\u00e4tze mit verletzten oder toten Kindern<\/li>\n\n\n\n<li>Eins\u00e4tze mit vielen Toten<\/li>\n\n\n\n<li>pers\u00f6nliche Bekanntschaft mit Opfer<\/li>\n\n\n\n<li>Gro\u00dfschadenslagen \/ Katastrophen<\/li>\n\n\n\n<li>Eins\u00e4tze mit starkem Medieninteresse<\/li>\n\n\n\n<li>individuell als besonders belastend erlebte Eins\u00e4tze<\/li>\n<\/ul>\n\n\n\n<p><strong>Akute Belastungsreaktionen sind normale und automatische Reaktionen<\/strong> <strong> eines normalen Menschen auf unnormale Ereignisse. <\/strong>Sie sind kein  Ausdruck von pers\u00f6nlicher Schw\u00e4che! <\/p>\n\n\n\n<h2 class=\"wp-block-heading\">Hilfreiche Strategien nach dem Einsatz<\/h2>\n\n\n\n<p>W\u00e4hrend der Hektik des Einsatzes haben Sie viele Eindr\u00fccke aufgenommen, die es zun\u00e4chst zu ordnen gilt. Unser Gehirn reagiert automatisch auf solche extremen Stresssituationen. Das ist menschlich und erkl\u00e4rt viele Ihrer Reaktionen. F\u00fcr gew\u00f6hnlich nehmen Belastungsreaktionen nach einer Phase der Erholung von selbst wieder ab.<br \/>Diesen Prozess der Erholung k\u00f6nnen Sie unter-st\u00fctzen, wenn Sie sich selbst Schutz, Ruhe und Entlastung g\u00f6nnen. Folgende Tipps k\u00f6nnen die Erholung beschleunigen:<\/p>\n\n\n\n<ul class=\"wp-block-list\">\n<li>Sprechen Sie so bald wie m\u00f6glich mit (am Einsatz beteiligten) Kollegen und Kolleginnen \u00fcber Ihre Eindr\u00fccke, Gef\u00fchle und Gedanken w\u00e4hrend des Einsatzes. Diese Menschen k\u00f6nnen Sie am besten verstehen.<\/li>\n\n\n\n<li>Suchen Sie das Gespr\u00e4ch mit Menschen, die Ih-nen R\u00fcckhalt und Sicherheit geben (Familie, Partner\/in, Freunde).<\/li>\n\n\n\n<li>Seien Sie k\u00f6rperlich aktiv, treiben Sie Sport. Bewegung hilft, aufgestaute Energie zu entladen.<\/li>\n\n\n\n<li>Vermeiden Sie erh\u00f6hten Konsum von Alkohol und Zigaretten.<\/li>\n\n\n\n<li>Versuchen Sie, Ihren gewohnten Lebensrhythmus beizubehalten und Ihren normalenVerpflichtungen nachzukommen. Aber vermeiden Sie jede zus\u00e4tzliche Stresssituation. <\/li>\n<\/ul>\n\n\n\n<h2 class=\"wp-block-heading\">Wie kann ich mir Hilfe holen?<\/h2>\n\n\n\n<p>Bleiben Sie nicht allein mit ihrer Erfahrung. Vielleicht erscheint Ihnen ihr Einsatzerlebnis bruchst\u00fcckhaft und unertr\u00e4glich wie ein schlechter Traum. Im vertrauensvollen Gespr\u00e4ch mit Anderen l\u00e4sst sich das Erlebte wieder zu einem Ganzen zusammenf\u00fcgen. Erfahrungen werden so verst\u00e4ndlich und kontrollierbar. Geschulte Mitarbeiter <strong>Sb<em>E<\/em>-Teams Sigmaringen<\/strong> stehen Ihnen zum Einzel- und\/oder Gruppengespr\u00e4ch zur Verf\u00fcgung. <\/p>\n\n\n\n<p>Sie erreichen das <strong>Sb<em>E<\/em>-Team Sigmaringen<\/strong> direkt \u00fcber die Integrierte Rettungsleitstelle Bodensee Oberschwaben: <br \/>Telefon: <strong>0751 769250<\/strong><\/p>\n\n\n\n<p>Oder Sie wenden sich gleich an uns: <\/p>\n\n\n\n<figure class=\"wp-block-gallery has-nested-images columns-4 is-cropped wp-block-gallery-1 is-layout-flex wp-block-gallery-is-layout-flex\">\n<figure class=\"wp-block-image\"><img decoding=\"async\" width=\"300\" height=\"378\" data-id=\"345\" src=\"https:\/\/nfs-sigmaringen.de\/wp-content\/uploads\/2019\/03\/gaeble-stefanie-1.jpg\" alt=\"\" class=\"wp-image-345\" srcset=\"https:\/\/nfs-sigmaringen.de\/wp-content\/uploads\/2019\/03\/gaeble-stefanie-1.jpg 300w, https:\/\/nfs-sigmaringen.de\/wp-content\/uploads\/2019\/03\/gaeble-stefanie-1-238x300.jpg 238w\" sizes=\"(max-width: 300px) 100vw, 300px\" \/><figcaption class=\"wp-element-caption\">Stefanie G\u00e4ble<\/figcaption><\/figure>\n\n\n\n<figure class=\"wp-block-image size-large\"><img decoding=\"async\" width=\"600\" height=\"754\" data-id=\"461\" src=\"https:\/\/nfs-sigmaringen.de\/wp-content\/uploads\/2019\/03\/weinmann-bernd.jpg\" alt=\"\" class=\"wp-image-461\" srcset=\"https:\/\/nfs-sigmaringen.de\/wp-content\/uploads\/2019\/03\/weinmann-bernd.jpg 600w, https:\/\/nfs-sigmaringen.de\/wp-content\/uploads\/2019\/03\/weinmann-bernd-239x300.jpg 239w\" sizes=\"(max-width: 600px) 100vw, 600px\" \/><figcaption class=\"wp-element-caption\">Bernd Weinmann<\/figcaption><\/figure>\n<\/figure>\n\n\n\n<p><strong>Einsatzkoordinatorin:<\/strong> &nbsp;&nbsp; <br>Stefanie G\u00e4ble<br>Stefanie.gaeble(at)nfs-sigmaringen.de<br><br> <br><strong>Fachliche Leitung:<\/strong> &nbsp;&nbsp;&nbsp;&nbsp; <br>Bernd Weinmann <br>Fachberater f\u00fcr Psychotraumatologie (DIPT)<br>Diplom-P\u00e4dagoge<br>Ehe-, Familien- und Lebensberater (BAG) <br>bernd.weinmann(at)nfs-sigmaringen.de <br><strong>0156 78709045<\/strong><\/p>\n<div style=\"display:flex; gap:10px;justify-content:center\" class=\"wps-pgfw-pdf-generate-icon__wrapper-frontend\">\n\t\t<a  href=\"https:\/\/nfs-sigmaringen.de?action=genpdf&amp;id=555\" class=\"pgfw-single-pdf-download-button\" ><img src=\"https:\/\/nfs-sigmaringen.de\/wp-content\/plugins\/pdf-generator-for-wp\/admin\/src\/images\/PDF_Tray.svg\" title=\"Generate PDF\" style=\"width:auto; height:45px;\"><\/a>\n\t\t<\/div>","protected":false},"excerpt":{"rendered":"<p>Belastungen im Einsatz Als Mitarbeiter und Mitarbeiterin in Feuerwehr bzw. Rettungsdienst sind Sie regelm\u00e4\u00dfig Zeuge von menschlichem Leid und Tod. Nicht selten tragen Sie w\u00e4hrend Ihrer Arbeit gro\u00dfe Verantwortung f\u00fcr das Leben und die Gesundheit Anderer. F\u00fcr die meisten Menschen stellt Ihre berufliche Alltagserfahrung eine Ausnahme dar &#8211; manchmal von unvorstellbarem Ausma\u00df. Im Laufe ihres &hellip; <\/p>\n<p class=\"link-more\"><a href=\"https:\/\/nfs-sigmaringen.de\/?page_id=555\" class=\"more-link\"><span class=\"screen-reader-text\">\u201eUnterst\u00fctzung f\u00fcr Einsatzkr\u00e4fte\u201c <\/span>weiterlesen<\/a><\/p>\n","protected":false},"author":1,"featured_media":204,"parent":0,"menu_order":0,"comment_status":"closed","ping_status":"closed","template":"","meta":{"ngg_post_thumbnail":0,"footnotes":""},"class_list":["post-555","page","type-page","status-publish","has-post-thumbnail","hentry"],"_links":{"self":[{"href":"https:\/\/nfs-sigmaringen.de\/index.php?rest_route=\/wp\/v2\/pages\/555","targetHints":{"allow":["GET"]}}],"collection":[{"href":"https:\/\/nfs-sigmaringen.de\/index.php?rest_route=\/wp\/v2\/pages"}],"about":[{"href":"https:\/\/nfs-sigmaringen.de\/index.php?rest_route=\/wp\/v2\/types\/page"}],"author":[{"embeddable":true,"href":"https:\/\/nfs-sigmaringen.de\/index.php?rest_route=\/wp\/v2\/users\/1"}],"replies":[{"embeddable":true,"href":"https:\/\/nfs-sigmaringen.de\/index.php?rest_route=%2Fwp%2Fv2%2Fcomments&post=555"}],"version-history":[{"count":24,"href":"https:\/\/nfs-sigmaringen.de\/index.php?rest_route=\/wp\/v2\/pages\/555\/revisions"}],"predecessor-version":[{"id":4273,"href":"https:\/\/nfs-sigmaringen.de\/index.php?rest_route=\/wp\/v2\/pages\/555\/revisions\/4273"}],"wp:featuredmedia":[{"embeddable":true,"href":"https:\/\/nfs-sigmaringen.de\/index.php?rest_route=\/wp\/v2\/media\/204"}],"wp:attachment":[{"href":"https:\/\/nfs-sigmaringen.de\/index.php?rest_route=%2Fwp%2Fv2%2Fmedia&parent=555"}],"curies":[{"name":"wp","href":"https:\/\/api.w.org\/{rel}","templated":true}]}}