{"id":356,"date":"2019-03-07T20:55:12","date_gmt":"2019-03-07T19:55:12","guid":{"rendered":"http:\/\/psnv-sigmaringen.de\/?page_id=356"},"modified":"2025-12-21T19:07:16","modified_gmt":"2025-12-21T18:07:16","slug":"fachberaterin-seelsorge","status":"publish","type":"page","link":"https:\/\/nfs-sigmaringen.de\/?page_id=356","title":{"rendered":"FachberaterIn Seelsorge"},"content":{"rendered":"\n<h2 class=\"wp-block-heading\">Fachberaterin Seelsorge \/ Fachberater Seelsorge<\/h2>\n\n\n\n<p>Alle Notfallseelsorgerinnen und Notfallseelsorger sind Mitglied bei der jeweiligen Feuerwehr ihres Wohnortes. Sie sind dort als Fachberaterin bzw. Fachberater Seelsorge beauftragt und  in die Organisation eingebunden. Einige Notfallseelsorgerinnen und Notfallseelsorger des Landkreises Sigmaringen verf\u00fcgen auch \u00fcber eine feuerwehrtechnische Grundausbildung.<\/p>\n\n\n\n<p>Die FachberaterInnen Seelsorge sind trotz ihrer festen Zuordnung zur jeweiligen Feuerwehr als Notfallseelsorgerinnen und Notfallseelsorger f\u00fcr den gesamten Landkreis Sigmaringen zust\u00e4ndig. Sie sind  von Rettungsdienst, Polizei und Feuerwehr an 365 Tagen mit einem verl\u00e4sslichen Bereitschaftsdienst jederzeit alarmierbar. <br><\/p>\n\n\n\n<p><\/p>\n<div class=\"wps-pgfw-pdf-generate-icon__wrapper-frontend pgfw-icon-display pgfw-icon-display--default\" style=\"--pgfw-icon-justify:center;\"><a href=\"https:\/\/nfs-sigmaringen.de?action=genpdf&#038;id=356\" class=\"pgfw-single-pdf-download-button pgfw-single-pdf-download-button--default pgfw-single-pdf-download-button--icon-only\" title=\"Generate PDF\" style=\"--pgfw-icon-width:25px;--pgfw-icon-height:45px;\" aria-label=\"Download PDF\"><span class=\"pgfw-single-pdf-download-button__media\" aria-hidden=\"true\"><img src=\"https:\/\/nfs-sigmaringen.de\/wp-content\/plugins\/pdf-generator-for-wp\/admin\/src\/images\/PDF_Tray.svg\" alt=\"\" decoding=\"async\"><\/span><\/a><\/div>","protected":false},"excerpt":{"rendered":"<p>Fachberaterin Seelsorge \/ Fachberater Seelsorge Alle Notfallseelsorgerinnen und Notfallseelsorger sind Mitglied bei der jeweiligen Feuerwehr ihres Wohnortes. Sie sind dort als Fachberaterin bzw. Fachberater Seelsorge beauftragt und in die Organisation eingebunden. Einige Notfallseelsorgerinnen und Notfallseelsorger des Landkreises Sigmaringen verf\u00fcgen auch \u00fcber eine feuerwehrtechnische Grundausbildung. Die FachberaterInnen Seelsorge sind trotz ihrer festen Zuordnung zur jeweiligen Feuerwehr &hellip; <\/p>\n<p class=\"link-more\"><a href=\"https:\/\/nfs-sigmaringen.de\/?page_id=356\" class=\"more-link\"><span class=\"screen-reader-text\">\u201eFachberaterIn Seelsorge\u201c <\/span>weiterlesen<\/a><\/p>\n","protected":false},"author":1,"featured_media":4850,"parent":0,"menu_order":0,"comment_status":"closed","ping_status":"closed","template":"","meta":{"ngg_post_thumbnail":0,"footnotes":""},"class_list":["post-356","page","type-page","status-publish","has-post-thumbnail","hentry"],"_links":{"self":[{"href":"https:\/\/nfs-sigmaringen.de\/index.php?rest_route=\/wp\/v2\/pages\/356","targetHints":{"allow":["GET"]}}],"collection":[{"href":"https:\/\/nfs-sigmaringen.de\/index.php?rest_route=\/wp\/v2\/pages"}],"about":[{"href":"https:\/\/nfs-sigmaringen.de\/index.php?rest_route=\/wp\/v2\/types\/page"}],"author":[{"embeddable":true,"href":"https:\/\/nfs-sigmaringen.de\/index.php?rest_route=\/wp\/v2\/users\/1"}],"replies":[{"embeddable":true,"href":"https:\/\/nfs-sigmaringen.de\/index.php?rest_route=%2Fwp%2Fv2%2Fcomments&post=356"}],"version-history":[{"count":9,"href":"https:\/\/nfs-sigmaringen.de\/index.php?rest_route=\/wp\/v2\/pages\/356\/revisions"}],"predecessor-version":[{"id":4853,"href":"https:\/\/nfs-sigmaringen.de\/index.php?rest_route=\/wp\/v2\/pages\/356\/revisions\/4853"}],"wp:featuredmedia":[{"embeddable":true,"href":"https:\/\/nfs-sigmaringen.de\/index.php?rest_route=\/wp\/v2\/media\/4850"}],"wp:attachment":[{"href":"https:\/\/nfs-sigmaringen.de\/index.php?rest_route=%2Fwp%2Fv2%2Fmedia&parent=356"}],"curies":[{"name":"wp","href":"https:\/\/api.w.org\/{rel}","templated":true}]}}