{"id":3462,"date":"2024-06-09T10:20:46","date_gmt":"2024-06-09T08:20:46","guid":{"rendered":"https:\/\/nfs-sigmaringen.de\/?page_id=3462"},"modified":"2024-06-22T14:14:36","modified_gmt":"2024-06-22T12:14:36","slug":"psnv-einsaetze-mit-kindern-und-jugendlichen","status":"publish","type":"page","link":"https:\/\/nfs-sigmaringen.de\/?page_id=3462","title":{"rendered":"Betreuung von Kindern und Jugendlichen in Krisen- \/ Notsituationen"},"content":{"rendered":"\n<p><strong>Grundlegende Informationen zur Begleitung von Kindern in Krisen und Notsituationen<\/strong><\/p>\n\n\n\n<p>Kinder und Jugendliche haben in Krisen- und Notfallsituationen andere Bed\u00fcrfnisse und \u00c4ngste als Erwachsene. Die Bed\u00fcrfnisse h\u00e4ngen von einer Vielzahl von Faktoren ab bspw. Alter, entwicklungspsychologische Reife, kulturelle und gesellschaftliche Aspekte und vieles mehr.<\/p>\n\n\n\n<p>Oftmals haben Kinder und Jugendliche auch Resilienzfaktoren und Ressourcen, so dass sie Ereignisse anders erleben als erwachsene Menschen.<\/p>\n\n\n\n<p>Ein zentraler Aspekt bei Kindern und Jugendlichen besteht darin, dass sie in solchen Situationen die erwachsenen Bezugspersonen oftmals selbst verunsichert, \u00fcberfordert und hilflos erleben. Dies bedeutet im Umkehrschluss, <strong>dass bei einer fachlich kompetenten Begleitung von Kindern und Jugendlichen die Beratung und Begleitung der erwachsenen Bezugspersonen<\/strong> (Eltern, Gro\u00dfeltern, Verwandtschaft, ErzieherInnen der Kita, LehrerInnen, AusbilderInnen) <strong>ein wichtiger Teilaspekt ist<\/strong>.<\/p>\n\n\n\n<p>Bei der Betreuung von Kindern und Jugendlichen ist neben dem fachlichen Wissen vor allem ein <strong>sicherer und routinierter Umgang mit Kindern und Jugendlichen von gr\u00f6\u00dfter Bedeutung<\/strong>. Deshalb h\u00e4lt die PSNV Sigmaringen eine Gruppe von besonders qualifizierten PSNV-Fachkr\u00e4ften vor.<\/p>\n\n\n\n<p><strong>Begleitung von Kindern und Jugendlichen in Krisen und Notsituationen im Landkreis Sigmaringen<\/strong><\/p>\n\n\n\n<p>Im Landkreis Sigmaringen wird durch die PSNV seit vielen Jahren professionell, verl\u00e4sslich und vernetzend mit Kindern und Jugendlichen gearbeitet, wobei Eltern, Familien , Kita`s, Schulen und Betriebe i.d.R. miteingebunden werden.<\/p>\n\n\n\n<p><strong>In den Einsatz mit Kindern und Jugendlichen entsenden wir vorrangig:<\/strong><\/p>\n\n\n\n<ul class=\"wp-block-list\">\n<li>PSNV-Fachkr\u00e4fte, die \u00fcber eine Grundqualifikation als ErzieherInnen, Jugend-HeimerzieherInnen; P\u00e4dagogInnen, Sozialp\u00e4dagogInnen, Lehrkr\u00e4fte und TheologInnen o.\u00c4. verf\u00fcgen.<\/li>\n\n\n\n<li>PSNV-Fachkr\u00e4fte, die in ihrer t\u00e4glichen Arbeit in Kita`s , Schulen, Beratungsstellen sowie in Einrichtungen der Jugend- oder Behindertenhilfe arbeiten.<\/li>\n\n\n\n<li>PSNV-Fachkr\u00e4fte die \u00fcber Weiterqualifizierungen in den Bereichen Traumap\u00e4dagogik, Fachberatung f\u00fcr Psychotraumatologie, Trauerp\u00e4dagogik, systemische Beratung\/systemische Therapie verf\u00fcgen.<\/li>\n\n\n\n<li>PSNV-Fachkr\u00e4fte die durch die PSNV im Landkreis Sigmaringen geschult und so bestens auf die fachliche Begleitung von Kindern und Jugendlichen in akuten Notfallsituationen vorbereitet sind.<\/li>\n<\/ul>\n\n\n\n<figure class=\"wp-block-image size-large is-resized\"><img decoding=\"async\" width=\"1024\" height=\"889\" src=\"https:\/\/nfs-sigmaringen.de\/wp-content\/uploads\/2024\/06\/IMG_2682-1024x889.jpeg\" alt=\"\" class=\"wp-image-3480\" style=\"width:672px;height:auto\" srcset=\"https:\/\/nfs-sigmaringen.de\/wp-content\/uploads\/2024\/06\/IMG_2682-1024x889.jpeg 1024w, https:\/\/nfs-sigmaringen.de\/wp-content\/uploads\/2024\/06\/IMG_2682-300x261.jpeg 300w, https:\/\/nfs-sigmaringen.de\/wp-content\/uploads\/2024\/06\/IMG_2682-768x667.jpeg 768w, https:\/\/nfs-sigmaringen.de\/wp-content\/uploads\/2024\/06\/IMG_2682-1536x1334.jpeg 1536w, https:\/\/nfs-sigmaringen.de\/wp-content\/uploads\/2024\/06\/IMG_2682-2048x1779.jpeg 2048w\" sizes=\"(max-width: 767px) 89vw, (max-width: 1000px) 54vw, (max-width: 1071px) 543px, 580px\" \/><\/figure>\n\n\n\n<p><strong>Wird bei Eins\u00e4tzen deutlich dass, Kinder und\/oder Jugendlichen betreut werden sollten<\/strong>, so wird zeitnah und unb\u00fcrokratisch ein <strong>Team aus speziell ausgebildeten PSNV Fachkr\u00e4ften <\/strong>mit entsprechenden Qualifikationen zusammengestellt und zur Unterst\u00fctzung der Betroffenen oder der anfordernden Institutionen entsandt.<\/p>\n\n\n\n<p>Wird ein <strong>Nachbetreuungsbedarf in Kindertageseinrichtungen, Schulen, bei Vereinen, in Betrieben oder in der Gemeindeseelsorge<\/strong> sichtbar so k\u00f6nnen die spezialisierten PSNV-Fachkr\u00e4fte \u00fcber die PSNV-F\u00fchrungsgruppe angefordert werden.<\/p>\n\n\n\n<p>Ebenso k\u00f6nnen die PSNV-Fachkr\u00e4fte zur <strong>Unterst\u00fctzung bei Abschiedsfeiern von Jugendlichen<\/strong>, ebenfalls \u00fcber die PSNV-F\u00fchrungsgruppe angefordert werden.<\/p>\n\n\n\n<p><strong>Vernetzung im Krisennetzwerk im Landkreis Sigmaringen<\/strong><\/p>\n\n\n\n<p>Unter aktiver Beteiligung der PSNV wurde im Landkreis Sigmaringen bereits 2010 der Arbeitskreis Krisennetzwerk unter Leitung des Kreisjugendamtes aufgebaut.<\/p>\n\n\n\n<p>In diesem AK treffen sich VertreterInnen,<\/p>\n\n\n\n<ul class=\"wp-block-list\">\n<li>der Erziehungsberatungsstelle,<\/li>\n\n\n\n<li>der Ehe-Lebens- und Familienberatungsstelle,&nbsp;<\/li>\n\n\n\n<li>der Suchtberatungsstelle,<\/li>\n\n\n\n<li>der Beratungsstelle bei h\u00e4uslicher Gewalt,<\/li>\n\n\n\n<li>der Beratungsstelle f\u00fcr Opfer von sex. Gewalt,<\/li>\n\n\n\n<li>der schulpsychologischen Beratungsstelle,<\/li>\n\n\n\n<li>aller Tr\u00e4ger der station\u00e4ren Jugendhilfe und der Schulsozialarbeit,<\/li>\n\n\n\n<li>der Polizei,<\/li>\n\n\n\n<li>des Jugendamtes und<\/li>\n\n\n\n<li>der Psychosozialen Notfallversorgung im Landkreis Sigmaringen<\/li>\n<\/ul>\n\n\n\n<p>Bei akuten Notf\u00e4llen kann so unter Beteiligung der Betroffenen und der Einhaltung des Datenschutzes ein schneller Aufbau des Netzwerkes innerhalb von Stunden gew\u00e4hrleistet werden, da die Akteure im Psychosozialen Bereich sich dazu schon vernetzt haben und voneinander wissen, wer was \u00fcbernehmen kann.&nbsp; So kann bspw. bei Schullagen eine l\u00fcckenlose und partnerschaftliche Krisenintervention von PSNV, SchulpsychologInnen, SchulsozialarbeiterInnen und Lehrerkollegien erfolgen.<\/p>\n\n\n\n<p>Ebenso wird dadurch gew\u00e4hrleistet, dass bei dringendem Bedarf Erstberatungen in Beratungsstellen binnen 1-2 Tagen nach einem Akutereignis stattfinden k\u00f6nnen.<\/p>\n\n\n\n<p><strong>PSNV-Staffel zur \u00dcberlandshilfe bei Schullagen o.\u00c4.<\/strong><\/p>\n\n\n\n<p>Die PSNV im Landkreis Sigmaringen verf\u00fcgt zwischenzeitlich \u00fcber die strukturellen und logistischen Rahmenbedingungen und \u00fcber eine entsprechende Personalressourcen an hochqualifizierten Fachkr\u00e4ften, dass bei entsprechenden Lagen mit gro\u00dfem Betreuungsbedarf f\u00fcr Kinder und Jugendliche eine PSNV-Staffel (1\/5\/6) i.d.R. binnen 30-45 Minuten in andere Landkreise abfahrtbereit sind.<\/p>\n\n\n\n<p>Zusammenfassend kann gesagt werden, dass die PSNV im Landkreis Sigmaringen bereits seit vielen Jahren \u00fcber ein fachlich fundiertes Konzept f\u00fcr die Betreuung von Kindern und Jugendlichen inklusive Vernetzungs- und Nachbetreuungsangeboten verf\u00fcgt, welches sich schon vielfach insbesondere in der Begleitung von Schulen und Kindertageseinrichtungen nach Krisen und Trauerf\u00e4llen bew\u00e4hrt hat.<\/p>\n\n\n\n<p><strong>Wie Sie unseren PSNV-Fachdienst f\u00fcr Kinder und Jugendliche alarmieren k\u00f6nnen:<\/strong><\/p>\n\n\n\n<p>Anfrage \u00fcber Rettungsleitstelle mit der Bitte um Unterst\u00fctzung f\u00fcr Kinder\/Jugendliche und um Alarmierung der PSNV &#8211; F\u00fchrungsschleife. Sie erhalten dann zeitnah einen R\u00fcckruf, der diensthabenden PSNV-F\u00fchrungskraft.<\/p>\n\n\n\n<p><strong>Allgemeine Fragen und Informationen zum Themenbereich Krisen- und Notlagen bei Kindern und Jugendlichen richten Sie an:<\/strong><\/p>\n\n\n\n<p><a href=\"mailto:Winfried.Fritz@nfs-sigmaringen.de\">Winfried.Fritz@nfs-sigmaringen.de<\/a><\/p>\n<div style=\"display:flex; gap:10px;justify-content:center\" class=\"wps-pgfw-pdf-generate-icon__wrapper-frontend\">\n\t\t<a  href=\"https:\/\/nfs-sigmaringen.de?action=genpdf&amp;id=3462\" class=\"pgfw-single-pdf-download-button\" ><img src=\"https:\/\/nfs-sigmaringen.de\/wp-content\/plugins\/pdf-generator-for-wp\/admin\/src\/images\/PDF_Tray.svg\" title=\"Generate PDF\" style=\"width:auto; height:45px;\"><\/a>\n\t\t<\/div>","protected":false},"excerpt":{"rendered":"<p>Grundlegende Informationen zur Begleitung von Kindern in Krisen und Notsituationen Kinder und Jugendliche haben in Krisen- und Notfallsituationen andere Bed\u00fcrfnisse und \u00c4ngste als Erwachsene. Die Bed\u00fcrfnisse h\u00e4ngen von einer Vielzahl von Faktoren ab bspw. Alter, entwicklungspsychologische Reife, kulturelle und gesellschaftliche Aspekte und vieles mehr. Oftmals haben Kinder und Jugendliche auch Resilienzfaktoren und Ressourcen, so dass &hellip; <\/p>\n<p class=\"link-more\"><a href=\"https:\/\/nfs-sigmaringen.de\/?page_id=3462\" class=\"more-link\"><span class=\"screen-reader-text\">\u201eBetreuung von Kindern und Jugendlichen in Krisen- \/ Notsituationen\u201c <\/span>weiterlesen<\/a><\/p>\n","protected":false},"author":1,"featured_media":3463,"parent":0,"menu_order":0,"comment_status":"closed","ping_status":"closed","template":"","meta":{"ngg_post_thumbnail":0,"footnotes":""},"class_list":["post-3462","page","type-page","status-publish","has-post-thumbnail","hentry"],"_links":{"self":[{"href":"https:\/\/nfs-sigmaringen.de\/index.php?rest_route=\/wp\/v2\/pages\/3462","targetHints":{"allow":["GET"]}}],"collection":[{"href":"https:\/\/nfs-sigmaringen.de\/index.php?rest_route=\/wp\/v2\/pages"}],"about":[{"href":"https:\/\/nfs-sigmaringen.de\/index.php?rest_route=\/wp\/v2\/types\/page"}],"author":[{"embeddable":true,"href":"https:\/\/nfs-sigmaringen.de\/index.php?rest_route=\/wp\/v2\/users\/1"}],"replies":[{"embeddable":true,"href":"https:\/\/nfs-sigmaringen.de\/index.php?rest_route=%2Fwp%2Fv2%2Fcomments&post=3462"}],"version-history":[{"count":8,"href":"https:\/\/nfs-sigmaringen.de\/index.php?rest_route=\/wp\/v2\/pages\/3462\/revisions"}],"predecessor-version":[{"id":3503,"href":"https:\/\/nfs-sigmaringen.de\/index.php?rest_route=\/wp\/v2\/pages\/3462\/revisions\/3503"}],"wp:featuredmedia":[{"embeddable":true,"href":"https:\/\/nfs-sigmaringen.de\/index.php?rest_route=\/wp\/v2\/media\/3463"}],"wp:attachment":[{"href":"https:\/\/nfs-sigmaringen.de\/index.php?rest_route=%2Fwp%2Fv2%2Fmedia&parent=3462"}],"curies":[{"name":"wp","href":"https:\/\/api.w.org\/{rel}","templated":true}]}}