{"id":21,"date":"2019-03-05T23:11:25","date_gmt":"2019-03-05T22:11:25","guid":{"rendered":"http:\/\/psnv-sigmaringen.de\/?page_id=21"},"modified":"2025-12-21T09:53:32","modified_gmt":"2025-12-21T08:53:32","slug":"einsatzkraefteschulung","status":"publish","type":"page","link":"https:\/\/nfs-sigmaringen.de\/?page_id=21","title":{"rendered":"Einsatzkr\u00e4fteschulung"},"content":{"rendered":"\n<h2 class=\"wp-block-heading\">Das Einsatzkr\u00e4fteschulungs-Team<\/h2>\n\n\n\n<p>Die \nNotfallseelsorge bietet den Rettungsdiensten und Feuerwehren im \nLandkreis Sigmaringen Schulungs- und Fortbildungsabende mit \nverschiedenen Themenschwerpunkten an.<\/p>\n\n\n\n<figure class=\"wp-block-image size-large\"><img decoding=\"async\" width=\"1024\" height=\"692\" src=\"https:\/\/nfs-sigmaringen.de\/wp-content\/uploads\/2025\/12\/fuehrungskraefteschulung-03-1024x692.jpg\" alt=\"\" class=\"wp-image-4817\" srcset=\"https:\/\/nfs-sigmaringen.de\/wp-content\/uploads\/2025\/12\/fuehrungskraefteschulung-03-1024x692.jpg 1024w, https:\/\/nfs-sigmaringen.de\/wp-content\/uploads\/2025\/12\/fuehrungskraefteschulung-03-300x203.jpg 300w, https:\/\/nfs-sigmaringen.de\/wp-content\/uploads\/2025\/12\/fuehrungskraefteschulung-03-768x519.jpg 768w, https:\/\/nfs-sigmaringen.de\/wp-content\/uploads\/2025\/12\/fuehrungskraefteschulung-03-1536x1038.jpg 1536w, https:\/\/nfs-sigmaringen.de\/wp-content\/uploads\/2025\/12\/fuehrungskraefteschulung-03.jpg 2000w\" sizes=\"(max-width: 767px) 89vw, (max-width: 1000px) 54vw, (max-width: 1071px) 543px, 580px\" \/><figcaption class=\"wp-element-caption\">Gruppenarbeit im Rahmen der F\u00fchrungskr\u00e4fteschulung<\/figcaption><\/figure>\n\n\n\n<p>Zwischenzeitlich  sind Schulungseinheiten der Notfallseelsorge fester Bestandteil der  Ausbildung von jungen Einsatzkr\u00e4ften der Feuerwehren und der  Rettungsdienste im Landkreis Sigmaringen. Die Einsatzkr\u00e4fte erhalten dadurch ein Grundwissen \u00fcber Einsatzstress und ein Grundverst\u00e4ndnis f\u00fcr Stressmanagement.<\/p>\n\n\n\n<table class=\"wp-block-table\"><tbody><tr><\/tr><\/tbody><\/table>\n\n\n<div class=\"wp-block-image\">\n<figure class=\"alignleft\"><img decoding=\"async\" src=\"https:\/\/psnv-sigmaringen.de\/wp-content\/uploads\/2019\/03\/logo-30.gif\" alt=\"\" class=\"wp-image-249\"\/><\/figure>\n<\/div>\n\n\n<p>Die Einsatzkr\u00e4fte erhalten dadurch ein Grundwissen \u00fcber Einsatzstress und ein Grundverst\u00e4ndnis f\u00fcr Stressmanagement. <\/p>\n\n\n<div class=\"wp-block-image\">\n<figure class=\"alignleft\"><img decoding=\"async\" width=\"30\" height=\"32\" src=\"http:\/\/psnv-sigmaringen.de\/wp-content\/uploads\/2019\/03\/logo-30.gif\" alt=\"\" class=\"wp-image-258\"\/><\/figure>\n<\/div>\n\n\n<p>Sie  werden auf besonders belastende Eins\u00e4tze, deren Auswirkung sowie  \u00fcber  entsprechende hilfreiche Verarbeitungsm\u00f6glichkeiten und  Hilfsangebote  informiert.  <\/p>\n\n\n<div class=\"wp-block-image\">\n<figure class=\"alignleft\"><img decoding=\"async\" width=\"30\" height=\"32\" src=\"http:\/\/psnv-sigmaringen.de\/wp-content\/uploads\/2019\/03\/logo-30.gif\" alt=\"\" class=\"wp-image-258\"\/><\/figure>\n<\/div>\n\n\n<p>Die Einsatzkr\u00e4fte werden auf emotional schwierige Situationen vorbereitet und sind damit besser in der Lage sich den au\u00dfergew\u00f6hnlichen Belastungen zu stellen.<\/p>\n\n\n<div class=\"wp-block-image\">\n<figure class=\"alignleft\"><img decoding=\"async\" width=\"30\" height=\"32\" src=\"http:\/\/psnv-sigmaringen.de\/wp-content\/uploads\/2019\/03\/logo-30.gif\" alt=\"\" class=\"wp-image-258\"\/><\/figure>\n<\/div>\n\n\n<p>Es werden Themen wie dem Umgang mit Sterben und Tod entsprechend Zeit und Raum gegeben.<\/p>\n\n\n<div class=\"wp-block-image\">\n<figure class=\"alignleft\"><img decoding=\"async\" width=\"30\" height=\"32\" src=\"http:\/\/psnv-sigmaringen.de\/wp-content\/uploads\/2019\/03\/logo-30.gif\" alt=\"\" class=\"wp-image-258\"\/><\/figure>\n<\/div>\n\n\n<p>Die Einsatzkr\u00e4fte erhalten Informationen \u00fcber Aufgaben und Ziele der Psychosozialen Notfallversorgung im Landkreis Sigmaringen.<br \/><\/p>\n\n\n\n<figure class=\"wp-block-image size-large\"><img decoding=\"async\" width=\"1024\" height=\"911\" src=\"https:\/\/nfs-sigmaringen.de\/wp-content\/uploads\/2025\/12\/fuehrungskraefteschulung-02b-1024x911.jpg\" alt=\"\" class=\"wp-image-4818\" srcset=\"https:\/\/nfs-sigmaringen.de\/wp-content\/uploads\/2025\/12\/fuehrungskraefteschulung-02b-1024x911.jpg 1024w, https:\/\/nfs-sigmaringen.de\/wp-content\/uploads\/2025\/12\/fuehrungskraefteschulung-02b-300x267.jpg 300w, https:\/\/nfs-sigmaringen.de\/wp-content\/uploads\/2025\/12\/fuehrungskraefteschulung-02b-768x684.jpg 768w, https:\/\/nfs-sigmaringen.de\/wp-content\/uploads\/2025\/12\/fuehrungskraefteschulung-02b-1536x1367.jpg 1536w, https:\/\/nfs-sigmaringen.de\/wp-content\/uploads\/2025\/12\/fuehrungskraefteschulung-02b.jpg 2000w\" sizes=\"(max-width: 767px) 89vw, (max-width: 1000px) 54vw, (max-width: 1071px) 543px, 580px\" \/><figcaption class=\"wp-element-caption\">\u201eMeinen Leuten geht es nicht gut!\u201c F\u00fchrungskr\u00e4fte-Seminar<\/figcaption><\/figure>\n\n\n<div class=\"wp-block-image is-resized\">\n<figure class=\"alignright\"><img decoding=\"async\" width=\"1024\" height=\"1021\" src=\"https:\/\/psnv-sigmaringen.de\/wp-content\/uploads\/2019\/03\/thwffw-1024x1021.jpg\" alt=\"\" class=\"wp-image-373\" srcset=\"https:\/\/nfs-sigmaringen.de\/wp-content\/uploads\/2019\/03\/thwffw-1024x1021.jpg 1024w, https:\/\/nfs-sigmaringen.de\/wp-content\/uploads\/2019\/03\/thwffw-150x150.jpg 150w, https:\/\/nfs-sigmaringen.de\/wp-content\/uploads\/2019\/03\/thwffw-300x300.jpg 300w, https:\/\/nfs-sigmaringen.de\/wp-content\/uploads\/2019\/03\/thwffw-768x766.jpg 768w, https:\/\/nfs-sigmaringen.de\/wp-content\/uploads\/2019\/03\/thwffw-100x100.jpg 100w, https:\/\/nfs-sigmaringen.de\/wp-content\/uploads\/2019\/03\/thwffw.jpg 1385w\" sizes=\"(max-width: 767px) 89vw, (max-width: 1000px) 54vw, (max-width: 1071px) 543px, 580px\" \/><figcaption class=\"wp-element-caption\">Enge Kooperation zwischen Einsatzkr\u00e4ften und PSNV <\/figcaption><\/figure>\n<\/div><div style=\"display:flex; gap:10px;justify-content:center\" class=\"wps-pgfw-pdf-generate-icon__wrapper-frontend\">\n\t\t<a  href=\"https:\/\/nfs-sigmaringen.de?action=genpdf&amp;id=21\" class=\"pgfw-single-pdf-download-button\" ><img src=\"https:\/\/nfs-sigmaringen.de\/wp-content\/plugins\/pdf-generator-for-wp\/admin\/src\/images\/PDF_Tray.svg\" title=\"Generate PDF\" style=\"width:auto; height:45px;\"><\/a>\n\t\t<\/div>","protected":false},"excerpt":{"rendered":"<p>Das Einsatzkr\u00e4fteschulungs-Team Die Notfallseelsorge bietet den Rettungsdiensten und Feuerwehren im Landkreis Sigmaringen Schulungs- und Fortbildungsabende mit verschiedenen Themenschwerpunkten an. Zwischenzeitlich sind Schulungseinheiten der Notfallseelsorge fester Bestandteil der Ausbildung von jungen Einsatzkr\u00e4ften der Feuerwehren und der Rettungsdienste im Landkreis Sigmaringen. Die Einsatzkr\u00e4fte erhalten dadurch ein Grundwissen \u00fcber Einsatzstress und ein Grundverst\u00e4ndnis f\u00fcr Stressmanagement. Die Einsatzkr\u00e4fte erhalten &hellip; <\/p>\n<p class=\"link-more\"><a href=\"https:\/\/nfs-sigmaringen.de\/?page_id=21\" class=\"more-link\"><span class=\"screen-reader-text\">\u201eEinsatzkr\u00e4fteschulung\u201c <\/span>weiterlesen<\/a><\/p>\n","protected":false},"author":1,"featured_media":4817,"parent":0,"menu_order":0,"comment_status":"closed","ping_status":"closed","template":"","meta":{"ngg_post_thumbnail":0,"footnotes":""},"class_list":["post-21","page","type-page","status-publish","has-post-thumbnail","hentry"],"_links":{"self":[{"href":"https:\/\/nfs-sigmaringen.de\/index.php?rest_route=\/wp\/v2\/pages\/21","targetHints":{"allow":["GET"]}}],"collection":[{"href":"https:\/\/nfs-sigmaringen.de\/index.php?rest_route=\/wp\/v2\/pages"}],"about":[{"href":"https:\/\/nfs-sigmaringen.de\/index.php?rest_route=\/wp\/v2\/types\/page"}],"author":[{"embeddable":true,"href":"https:\/\/nfs-sigmaringen.de\/index.php?rest_route=\/wp\/v2\/users\/1"}],"replies":[{"embeddable":true,"href":"https:\/\/nfs-sigmaringen.de\/index.php?rest_route=%2Fwp%2Fv2%2Fcomments&post=21"}],"version-history":[{"count":15,"href":"https:\/\/nfs-sigmaringen.de\/index.php?rest_route=\/wp\/v2\/pages\/21\/revisions"}],"predecessor-version":[{"id":4821,"href":"https:\/\/nfs-sigmaringen.de\/index.php?rest_route=\/wp\/v2\/pages\/21\/revisions\/4821"}],"wp:featuredmedia":[{"embeddable":true,"href":"https:\/\/nfs-sigmaringen.de\/index.php?rest_route=\/wp\/v2\/media\/4817"}],"wp:attachment":[{"href":"https:\/\/nfs-sigmaringen.de\/index.php?rest_route=%2Fwp%2Fv2%2Fmedia&parent=21"}],"curies":[{"name":"wp","href":"https:\/\/api.w.org\/{rel}","templated":true}]}}