{"id":19,"date":"2019-03-05T23:11:25","date_gmt":"2019-03-05T22:11:25","guid":{"rendered":"http:\/\/psnv-sigmaringen.de\/?page_id=19"},"modified":"2024-12-07T22:59:00","modified_gmt":"2024-12-07T21:59:00","slug":"sbe-team","status":"publish","type":"page","link":"https:\/\/nfs-sigmaringen.de\/?page_id=19","title":{"rendered":"SbE-Team"},"content":{"rendered":"\n<h2 class=\"wp-block-heading\">Psychosoziale Notfallversorgung von Einsatzkr\u00e4ften &#8211; PSNV-E<br><\/h2>\n\n\n<div class=\"wp-block-image is-resized\">\n<figure class=\"alignleft\"><img decoding=\"async\" width=\"291\" height=\"118\" src=\"https:\/\/psnv-sigmaringen.de\/wp-content\/uploads\/2019\/03\/sbe-logo.jpg\" alt=\"\" class=\"wp-image-204\" style=\"aspect-ratio:2.4661016949152543;width:270px;height:auto\"\/><figcaption class=\"wp-element-caption\">SbE = Stressbearbeitung nach belastenden Ereignissen<\/figcaption><\/figure>\n<\/div>\n\n\n<p class=\"has-text-align-left\">F\u00fcr  die Einsatzkr\u00e4fte stellen bestimmte Eins\u00e4tze eine besondere Belastung  dar. Hierzu z\u00e4hlen u.a. Notf\u00e4lle mit Kindern, Notf\u00e4lle bei denen die  Opfer den Einsatzkr\u00e4ften pers\u00f6nlich bekannt sind oder gar Eins\u00e4tze bei  denen Einsatzkr\u00e4fte zu Schaden kommen. F\u00fcr diese Eins\u00e4tze steht das SbE-Team den Einsatzkr\u00e4ften zur Verf\u00fcgung. SbE steht f\u00fcr Stressbearbeitung nach belastenden Ereignissen.<\/p>\n\n\n\n<p>Ziel der Einsatzbegleitung und Nachbetreuung durch das Sb<em>E<\/em>-Team\n ist es, den Einsatzkr\u00e4ften Entlastung zu schaffen, zu einer psychischen\n Stabilisierung beizutragen und so einer psychischen \u00dcberlastung und \nderen Folgen vorzubeugen.<\/p>\n\n\n\n<figure class=\"wp-block-image is-resized\"><img decoding=\"async\" width=\"1024\" height=\"518\" src=\"https:\/\/nfs-sigmaringen.de\/wp-content\/uploads\/2024\/10\/2024-10-12-SbE-ENT-03-1024x518.jpg\" alt=\"\" class=\"wp-image-3726\" srcset=\"https:\/\/nfs-sigmaringen.de\/wp-content\/uploads\/2024\/10\/2024-10-12-SbE-ENT-03-1024x518.jpg 1024w, https:\/\/nfs-sigmaringen.de\/wp-content\/uploads\/2024\/10\/2024-10-12-SbE-ENT-03-300x152.jpg 300w, https:\/\/nfs-sigmaringen.de\/wp-content\/uploads\/2024\/10\/2024-10-12-SbE-ENT-03-768x388.jpg 768w, https:\/\/nfs-sigmaringen.de\/wp-content\/uploads\/2024\/10\/2024-10-12-SbE-ENT-03-1536x776.jpg 1536w, https:\/\/nfs-sigmaringen.de\/wp-content\/uploads\/2024\/10\/2024-10-12-SbE-ENT-03-2048x1035.jpg 2048w\" sizes=\"(max-width: 767px) 89vw, (max-width: 1000px) 54vw, (max-width: 1071px) 543px, 580px\" \/><figcaption class=\"wp-element-caption\">Einsatznachbesprechung nach einem belastenden Einsatz (\u00dcbungsszene aus einem gemeinsamen \u00dcbungstag mit dem ENT-Konstanz)<\/figcaption><\/figure>\n\n\n\n<p>Dies geschieht in dreifacher Weise:<\/p>\n\n\n\n<p>1. \u00a0Die Einsatzkr\u00e4fte wissen, dass jemand <strong>vor Ort<\/strong> ist, der sich um die seelische Not der Betroffenen k\u00fcmmert.<\/p>\n\n\n\n<p>2. \u00a0Die Einsatzkr\u00e4fte wissen, dass auch sie sich jederzeit <strong>w\u00e4hrend des Einsatzes<\/strong> an jemanden wenden k\u00f6nnen.<\/p>\n\n\n\n<p>3. \u00a0Es gibt die M\u00f6glichkeit der Aufarbeitung in Form von<strong> qualifizierten Nachbetreuungsangeboten<\/strong>, auf welche die Einsatzkr\u00e4fte jederzeit zur\u00fcckgreifen k\u00f6nnen. Hierzu z\u00e4hlen neben verschiedenen Nachbesprechungsangeboten innerhalb der Gruppe auch Gespr\u00e4chsangebote f\u00fcr einzelne.<\/p>\n\n\n\n<p>Unser SbE-Team besteht derzeit aus 22 speziell ausgebildeten Einsatzkr\u00e4ften (Peer) und psychosozialen Fachkr\u00e4ften. Alle Teammitglieder verf\u00fcgen \u00fcber Einsatzerfahrung, eine umfassende Ausbildung und nehmen regelm\u00e4\u00dfig an den \u00dcbungstagen und Fortbildungen teil. Unser Team hat langj\u00e4hrige Erfahrung in der Begleitung von Einsatzkr\u00e4ften von Feuerwehr, Rettungsdienst und Polizei. Wir stehen in enger <a href=\"https:\/\/nfs-sigmaringen.de\/?page_id=558\">Kooperation  mit den Klini<\/a><a href=\"https:\/\/nfs-sigmaringen.de\/unterstuetzung-fuer-klinikpersonal\/\">ken<\/a> des Landkreises und unterst\u00fctzen deren Personal nach belastenden Ereignissen. <br><\/p>\n\n\n\n<figure class=\"wp-block-image size-large\"><img decoding=\"async\" width=\"1024\" height=\"713\" src=\"https:\/\/nfs-sigmaringen.de\/wp-content\/uploads\/2023\/10\/sbe-team-2023-1024x713.jpg\" alt=\"\" class=\"wp-image-2956\" srcset=\"https:\/\/nfs-sigmaringen.de\/wp-content\/uploads\/2023\/10\/sbe-team-2023-1024x713.jpg 1024w, https:\/\/nfs-sigmaringen.de\/wp-content\/uploads\/2023\/10\/sbe-team-2023-300x209.jpg 300w, https:\/\/nfs-sigmaringen.de\/wp-content\/uploads\/2023\/10\/sbe-team-2023-768x535.jpg 768w, https:\/\/nfs-sigmaringen.de\/wp-content\/uploads\/2023\/10\/sbe-team-2023-1536x1070.jpg 1536w, https:\/\/nfs-sigmaringen.de\/wp-content\/uploads\/2023\/10\/sbe-team-2023-2048x1426.jpg 2048w\" sizes=\"(max-width: 767px) 89vw, (max-width: 1000px) 54vw, (max-width: 1071px) 543px, 580px\" \/><figcaption class=\"wp-element-caption\"><em>Mitglieder des SbE-Team Sigmaringen  im Jahr 20<\/em>23<\/figcaption><\/figure>\n\n\n\n<figure class=\"wp-block-image size-large is-resized\"><img decoding=\"async\" width=\"1024\" height=\"514\" src=\"https:\/\/nfs-sigmaringen.de\/wp-content\/uploads\/2024\/11\/IMG_9800-1024x514.jpg\" alt=\"\" class=\"wp-image-3826\" style=\"aspect-ratio:1.894904458598726;width:672px;height:auto\" srcset=\"https:\/\/nfs-sigmaringen.de\/wp-content\/uploads\/2024\/11\/IMG_9800-1024x514.jpg 1024w, https:\/\/nfs-sigmaringen.de\/wp-content\/uploads\/2024\/11\/IMG_9800-300x151.jpg 300w, https:\/\/nfs-sigmaringen.de\/wp-content\/uploads\/2024\/11\/IMG_9800-768x386.jpg 768w, https:\/\/nfs-sigmaringen.de\/wp-content\/uploads\/2024\/11\/IMG_9800-1536x772.jpg 1536w, https:\/\/nfs-sigmaringen.de\/wp-content\/uploads\/2024\/11\/IMG_9800-2048x1029.jpg 2048w\" sizes=\"(max-width: 767px) 89vw, (max-width: 1000px) 54vw, (max-width: 1071px) 543px, 580px\" \/><figcaption class=\"wp-element-caption\">Kenntnisse in Gespr\u00e4chsf\u00fchrung und Psychotraumatologie sind die Grundkompetenz f\u00fcr das SbE-Team um Einsatzkr\u00e4fte nach belastenden Eins\u00e4tzen begleiten zu k\u00f6nnen. <\/figcaption><\/figure>\n\n\n\n<p>Das SbE-Team Sigmaringen ist von der <a href=\"https:\/\/www.sbe-ev.de\/index.php\/de\/\" target=\"_blank\" rel=\"noreferrer noopener\" aria-label=\"SbE-Bundesvereinigung&nbsp;Stressbearbeitung nach belastenden Ereignissen e.V. (\u00f6ffnet in neuem Tab)\">SbE-Bundesvereinigung&nbsp;<\/a><em><a href=\"https:\/\/www.sbe-ev.de\/index.php\/de\/\" target=\"_blank\" rel=\"noreferrer noopener\" aria-label=\"SbE-Bundesvereinigung&nbsp;Stressbearbeitung nach belastenden Ereignissen e.V. (\u00f6ffnet in neuem Tab)\">Stressbearbeitung nach belastenden Ereignissen e.V.<\/a> <\/em>in  Witten als SbE-Team zertifiziert. Auf Anforderung der Bundesvereinigung  kann das SbE-Team Sigmaringen bundesweit zum Einsatz kommen sowie eine  personelle Verst\u00e4rkung des eigenen SbE-Teams dort anfordern.<\/p>\n\n\n\n<p>Fachlicher Leiter:  Bernd Weinmann<\/p>\n\n\n\n<p>Einsatzkoordinatorin:  Stefanie G\u00e4ble<\/p>\n<div style=\"display:flex; gap:10px;justify-content:center\" class=\"wps-pgfw-pdf-generate-icon__wrapper-frontend\">\n\t\t<a  href=\"https:\/\/nfs-sigmaringen.de?action=genpdf&amp;id=19\" class=\"pgfw-single-pdf-download-button\" ><img src=\"https:\/\/nfs-sigmaringen.de\/wp-content\/plugins\/pdf-generator-for-wp\/admin\/src\/images\/PDF_Tray.svg\" title=\"Generate PDF\" style=\"width:auto; height:45px;\"><\/a>\n\t\t<\/div>","protected":false},"excerpt":{"rendered":"<p>Psychosoziale Notfallversorgung von Einsatzkr\u00e4ften &#8211; PSNV-E F\u00fcr die Einsatzkr\u00e4fte stellen bestimmte Eins\u00e4tze eine besondere Belastung dar. Hierzu z\u00e4hlen u.a. Notf\u00e4lle mit Kindern, Notf\u00e4lle bei denen die Opfer den Einsatzkr\u00e4ften pers\u00f6nlich bekannt sind oder gar Eins\u00e4tze bei denen Einsatzkr\u00e4fte zu Schaden kommen. F\u00fcr diese Eins\u00e4tze steht das SbE-Team den Einsatzkr\u00e4ften zur Verf\u00fcgung. SbE steht f\u00fcr Stressbearbeitung &hellip; <\/p>\n<p class=\"link-more\"><a href=\"https:\/\/nfs-sigmaringen.de\/?page_id=19\" class=\"more-link\"><span class=\"screen-reader-text\">\u201eSbE-Team\u201c <\/span>weiterlesen<\/a><\/p>\n","protected":false},"author":1,"featured_media":2956,"parent":0,"menu_order":0,"comment_status":"closed","ping_status":"closed","template":"","meta":{"ngg_post_thumbnail":0,"footnotes":""},"class_list":["post-19","page","type-page","status-publish","has-post-thumbnail","hentry"],"_links":{"self":[{"href":"https:\/\/nfs-sigmaringen.de\/index.php?rest_route=\/wp\/v2\/pages\/19","targetHints":{"allow":["GET"]}}],"collection":[{"href":"https:\/\/nfs-sigmaringen.de\/index.php?rest_route=\/wp\/v2\/pages"}],"about":[{"href":"https:\/\/nfs-sigmaringen.de\/index.php?rest_route=\/wp\/v2\/types\/page"}],"author":[{"embeddable":true,"href":"https:\/\/nfs-sigmaringen.de\/index.php?rest_route=\/wp\/v2\/users\/1"}],"replies":[{"embeddable":true,"href":"https:\/\/nfs-sigmaringen.de\/index.php?rest_route=%2Fwp%2Fv2%2Fcomments&post=19"}],"version-history":[{"count":27,"href":"https:\/\/nfs-sigmaringen.de\/index.php?rest_route=\/wp\/v2\/pages\/19\/revisions"}],"predecessor-version":[{"id":3968,"href":"https:\/\/nfs-sigmaringen.de\/index.php?rest_route=\/wp\/v2\/pages\/19\/revisions\/3968"}],"wp:featuredmedia":[{"embeddable":true,"href":"https:\/\/nfs-sigmaringen.de\/index.php?rest_route=\/wp\/v2\/media\/2956"}],"wp:attachment":[{"href":"https:\/\/nfs-sigmaringen.de\/index.php?rest_route=%2Fwp%2Fv2%2Fmedia&parent=19"}],"curies":[{"name":"wp","href":"https:\/\/api.w.org\/{rel}","templated":true}]}}