{"id":1017,"date":"2020-09-02T18:24:36","date_gmt":"2020-09-02T16:24:36","guid":{"rendered":"https:\/\/nfs-sigmaringen.de\/?page_id=1017"},"modified":"2023-02-19T11:59:11","modified_gmt":"2023-02-19T10:59:11","slug":"ausbildung-psychosoziale-notfallversorgung-betroffene-psnv-b","status":"publish","type":"page","link":"https:\/\/nfs-sigmaringen.de\/?page_id=1017","title":{"rendered":"Ausbildung in Psychosozialer Notfallversorgung f\u00fcr Betroffene (PSNV-B)"},"content":{"rendered":"\n<p>Die Ausbildung zur Notfallseelsorgerin bzw. Notfallseelsorger geschieht im Landkreis Sigmaringen in verschiedenen Ausbildungseinheiten und Kursen. Je nach beruflicher Qualifikation ist parallel zu den vor Ort stattfinden Ausbildungsmodulen PSNV-B noch eine Zusatzqualifikation in Gespr\u00e4chsf\u00fchrung erforderlich, die von der Notfallseelsorge Sigmaringen finanziert wird. Die Dauer der Ausbildung wird individuell angepasst. F\u00fcr die gesamte Ausbildungszeit ist ein Zeitraum von ca. 2 Jahren zu rechnen. <\/p>\n\n\n\n<p>Folgende Ausbildungsthemen werden im Rahmen der Ausbildung in PSNV-B durch unserer Ausbildungsteam vor Ort geschult:<\/p>\n\n\n\n<figure class=\"wp-block-table is-style-regular\"><table><tbody><tr><td class=\"has-text-align-center\" data-align=\"center\">Modul-Nr<\/td><td> <strong>Themen der Ausbildungsmodule und Kurse <\/strong><\/td><td class=\"has-text-align-center\" data-align=\"center\">Unterrichtseinheiten<\/td><\/tr><tr><td class=\"has-text-align-center\" data-align=\"center\">1<\/td><td><strong>Einf\u00fchrung in die Psychosoziale Notfallversorgung<\/strong> f\u00fcr Betroffene (PSNV-B)  im Landkreis Sigmaringen<\/td><td class=\"has-text-align-center\" data-align=\"center\">3 UE<\/td><\/tr><tr><td class=\"has-text-align-center\" data-align=\"center\">2<\/td><td><strong>Pers\u00f6nliche Schutzausr\u00fcstung <\/strong>und Kennzeichnung; <br><strong>Unfallverh\u00fctungsvorschriften<\/strong> im Bereich Feuerwehr;<br>PSNV-B bei <strong>Verkehrsunf\u00e4llen<\/strong> <\/td><td class=\"has-text-align-center\" data-align=\"center\">3 UE<\/td><\/tr><tr><td class=\"has-text-align-center\" data-align=\"center\">3<\/td><td>PSNV-B bei (erfolgloser ) <strong>Reanimation<\/strong>;<br><strong>Zusammenarbeit mit dem Rettungsdienst<\/strong><\/td><td class=\"has-text-align-center\" data-align=\"center\">3 UE<\/td><\/tr><tr><td class=\"has-text-align-center\" data-align=\"center\">4<\/td><td>PSNV-B bei der <strong>\u00dcberbringung der Todesnachricht<\/strong>;<br><strong>Zusammenarbeit mit der Polizei<\/strong><\/td><td class=\"has-text-align-center\" data-align=\"center\">3 UE<\/td><\/tr><tr><td class=\"has-text-align-center\" data-align=\"center\">5<\/td><td>PSNV-B in der <strong>Begleitung von Kindern und Jugendlichen<\/strong><\/td><td class=\"has-text-align-center\" data-align=\"center\">3 UE<\/td><\/tr><tr><td class=\"has-text-align-center\" data-align=\"center\">6<\/td><td>PSNV-B bei <strong>Br\u00e4nden<\/strong> in <strong>Kooperation mit der Feuerwehr<\/strong><\/td><td class=\"has-text-align-center\" data-align=\"center\">3 UE<\/td><\/tr><tr><td class=\"has-text-align-center\" data-align=\"center\">7<\/td><td>Grundlagen der <strong>Psychotraumatologie<\/strong><\/td><td class=\"has-text-align-center\" data-align=\"center\">3 UE<\/td><\/tr><tr><td class=\"has-text-align-center\" data-align=\"center\">8<\/td><td>Grundlagen der <strong>Begleitung von Einsatzkr\u00e4ften<\/strong> (PSNV-E)<\/td><td class=\"has-text-align-center\" data-align=\"center\">3 UE<\/td><\/tr><tr><td class=\"has-text-align-center\" data-align=\"center\">9<\/td><td>PSNV-B im Rahmen von <strong>Suizidandrohung und Suizid<\/strong><\/td><td class=\"has-text-align-center\" data-align=\"center\">3 UE<\/td><\/tr><tr><td class=\"has-text-align-center\" data-align=\"center\">10<\/td><td>Einblicke in die <strong>Arbeit des Bestatters<\/strong><\/td><td class=\"has-text-align-center\" data-align=\"center\">2 UE<\/td><\/tr><tr><td class=\"has-text-align-center\" data-align=\"center\">11<\/td><td>PSNV-B im Rahmen von <strong>Pl\u00f6tzlichem Kindstod<\/strong>; Kooperation mit  der Kriminalpolizei<\/td><td class=\"has-text-align-center\" data-align=\"center\">3 UE<\/td><\/tr><tr><td class=\"has-text-align-center\" data-align=\"center\">12<\/td><td><strong>Bedeutung von Ritualen<\/strong> im Rahmen von Eins\u00e4tzen<\/td><td class=\"has-text-align-center\" data-align=\"center\">3 UE<\/td><\/tr><tr><td class=\"has-text-align-center\" data-align=\"center\">13<\/td><td>PSNV-B in <strong>Grossschadenslagen<\/strong><\/td><td class=\"has-text-align-center\" data-align=\"center\">3 UE<\/td><\/tr><\/tbody><\/table><\/figure>\n\n\n\n<figure class=\"wp-block-table\"><table><tbody><tr><td> <strong>Weitere Ausbildungsabschnitte<\/strong> sind:<\/td><\/tr><tr><td>&#8211; <strong>Hospitation bei Rettungsdienst und Notarzt<\/strong><\/td><\/tr><tr><td>&#8211; <strong>Hospitation bei erfahrenen NotfallseelsorgerInnen<\/strong> bei allen Indikationen<\/td><\/tr><tr><td>&#8211; <strong>Supervision<\/strong> bzw Intervision in regelm\u00e4\u00dfigen Abst\u00e4nden<\/td><\/tr><tr><td>&#8211; <strong>1 Woche Grundkurs Notfallseelsorge<\/strong> an der Landesfeuerwehrschule Bruchsal<\/td><\/tr><tr><td>&#8211; <strong>4 Tage Aufbaukurs Notfallseelsorge<\/strong><\/td><\/tr><\/tbody><\/table><\/figure>\n<div style=\"display:flex; gap:10px;justify-content:center\" class=\"wps-pgfw-pdf-generate-icon__wrapper-frontend\">\n\t\t<a  href=\"https:\/\/nfs-sigmaringen.de?action=genpdf&amp;id=1017\" class=\"pgfw-single-pdf-download-button\" ><img src=\"https:\/\/nfs-sigmaringen.de\/wp-content\/plugins\/pdf-generator-for-wp\/admin\/src\/images\/PDF_Tray.svg\" title=\"Generate PDF\" style=\"width:auto; height:45px;\"><\/a>\n\t\t<\/div>","protected":false},"excerpt":{"rendered":"<p>Die Ausbildung zur Notfallseelsorgerin bzw. Notfallseelsorger geschieht im Landkreis Sigmaringen in verschiedenen Ausbildungseinheiten und Kursen. Je nach beruflicher Qualifikation ist parallel zu den vor Ort stattfinden Ausbildungsmodulen PSNV-B noch eine Zusatzqualifikation in Gespr\u00e4chsf\u00fchrung erforderlich, die von der Notfallseelsorge Sigmaringen finanziert wird. Die Dauer der Ausbildung wird individuell angepasst. F\u00fcr die gesamte Ausbildungszeit ist ein Zeitraum &hellip; <\/p>\n<p class=\"link-more\"><a href=\"https:\/\/nfs-sigmaringen.de\/?page_id=1017\" class=\"more-link\"><span class=\"screen-reader-text\">\u201eAusbildung in Psychosozialer Notfallversorgung f\u00fcr Betroffene (PSNV-B)\u201c <\/span>weiterlesen<\/a><\/p>\n","protected":false},"author":1,"featured_media":1391,"parent":20,"menu_order":4,"comment_status":"closed","ping_status":"closed","template":"","meta":{"ngg_post_thumbnail":0,"footnotes":""},"class_list":["post-1017","page","type-page","status-publish","has-post-thumbnail","hentry"],"_links":{"self":[{"href":"https:\/\/nfs-sigmaringen.de\/index.php?rest_route=\/wp\/v2\/pages\/1017","targetHints":{"allow":["GET"]}}],"collection":[{"href":"https:\/\/nfs-sigmaringen.de\/index.php?rest_route=\/wp\/v2\/pages"}],"about":[{"href":"https:\/\/nfs-sigmaringen.de\/index.php?rest_route=\/wp\/v2\/types\/page"}],"author":[{"embeddable":true,"href":"https:\/\/nfs-sigmaringen.de\/index.php?rest_route=\/wp\/v2\/users\/1"}],"replies":[{"embeddable":true,"href":"https:\/\/nfs-sigmaringen.de\/index.php?rest_route=%2Fwp%2Fv2%2Fcomments&post=1017"}],"version-history":[{"count":8,"href":"https:\/\/nfs-sigmaringen.de\/index.php?rest_route=\/wp\/v2\/pages\/1017\/revisions"}],"predecessor-version":[{"id":2429,"href":"https:\/\/nfs-sigmaringen.de\/index.php?rest_route=\/wp\/v2\/pages\/1017\/revisions\/2429"}],"up":[{"embeddable":true,"href":"https:\/\/nfs-sigmaringen.de\/index.php?rest_route=\/wp\/v2\/pages\/20"}],"wp:featuredmedia":[{"embeddable":true,"href":"https:\/\/nfs-sigmaringen.de\/index.php?rest_route=\/wp\/v2\/media\/1391"}],"wp:attachment":[{"href":"https:\/\/nfs-sigmaringen.de\/index.php?rest_route=%2Fwp%2Fv2%2Fmedia&parent=1017"}],"curies":[{"name":"wp","href":"https:\/\/api.w.org\/{rel}","templated":true}]}}